{"id":17740,"date":"2022-09-28T14:08:29","date_gmt":"2022-09-28T13:08:29","guid":{"rendered":"https:\/\/marneantic.com\/?post_type=product&#038;p=17740"},"modified":"2022-09-28T14:15:18","modified_gmt":"2022-09-28T13:15:18","slug":"baccaratverre-a-orangeade-ancien-modele-nancy","status":"publish","type":"product","link":"https:\/\/marneantic.com\/index.php\/produit\/baccaratverre-a-orangeade-ancien-modele-nancy\/","title":{"rendered":"BACCARAT:verre a orangeade ancien mod\u00e8le NANCY"},"content":{"rendered":"","protected":false},"excerpt":{"rendered":"<p>BACCARAT:verre a orangeade ancien mod\u00e8le NANCY,estampill\u00e9, en bon \u00e9tat,hauteur:12.2cm,diametre du buvant:7.5cm,diametre du pied:5cm<\/p>\n<p>&nbsp;<\/p>\n","protected":false},"featured_media":17741,"comment_status":"closed","ping_status":"closed","template":"","meta":{"_et_pb_use_builder":"","_et_pb_old_content":"","_et_gb_content_width":""},"product_cat":[10,11],"product_tag":[],"_links":{"self":[{"href":"https:\/\/marneantic.com\/index.php\/wp-json\/wp\/v2\/product\/17740"}],"collection":[{"href":"https:\/\/marneantic.com\/index.php\/wp-json\/wp\/v2\/product"}],"about":[{"href":"https:\/\/marneantic.com\/index.php\/wp-json\/wp\/v2\/types\/product"}],"replies":[{"embeddable":true,"href":"https:\/\/marneantic.com\/index.php\/wp-json\/wp\/v2\/comments?post=17740"}],"wp:featuredmedia":[{"embeddable":true,"href":"https:\/\/marneantic.com\/index.php\/wp-json\/wp\/v2\/media\/17741"}],"wp:attachment":[{"href":"https:\/\/marneantic.com\/index.php\/wp-json\/wp\/v2\/media?parent=17740"}],"wp:term":[{"taxonomy":"product_cat","embeddable":true,"href":"https:\/\/marneantic.com\/index.php\/wp-json\/wp\/v2\/product_cat?post=17740"},{"taxonomy":"product_tag","embeddable":true,"href":"https:\/\/marneantic.com\/index.php\/wp-json\/wp\/v2\/product_tag?post=17740"}],"curies":[{"name":"wp","href":"https:\/\/api.w.org\/{rel}","templated":true}]}}