{"id":17831,"date":"2022-11-10T17:41:25","date_gmt":"2022-11-10T16:41:25","guid":{"rendered":"https:\/\/marneantic.com\/?post_type=product&#038;p=17831"},"modified":"2022-11-10T17:41:25","modified_gmt":"2022-11-10T16:41:25","slug":"eventail-ancien-en-celluloid-peint","status":"publish","type":"product","link":"https:\/\/marneantic.com\/index.php\/produit\/eventail-ancien-en-celluloid-peint\/","title":{"rendered":"Eventail ancien en cellulo\u00efd peint"},"content":{"rendered":"","protected":false},"excerpt":{"rendered":"<p>Eventail ancien en cellulo\u00efd peint avec en partie centrale un m\u00e9daillon au d\u00e9cor mode 18eme,complet,la premi\u00e8re lame a droite est s\u00e9par\u00e9e de l&rsquo;ensemble, largeur ouvert:30cm,hauteur:16.5cm<\/p>\n","protected":false},"featured_media":17832,"comment_status":"open","ping_status":"closed","template":"","meta":{"_et_pb_use_builder":"","_et_pb_old_content":"","_et_gb_content_width":""},"product_cat":[14],"product_tag":[],"_links":{"self":[{"href":"https:\/\/marneantic.com\/index.php\/wp-json\/wp\/v2\/product\/17831"}],"collection":[{"href":"https:\/\/marneantic.com\/index.php\/wp-json\/wp\/v2\/product"}],"about":[{"href":"https:\/\/marneantic.com\/index.php\/wp-json\/wp\/v2\/types\/product"}],"replies":[{"embeddable":true,"href":"https:\/\/marneantic.com\/index.php\/wp-json\/wp\/v2\/comments?post=17831"}],"wp:featuredmedia":[{"embeddable":true,"href":"https:\/\/marneantic.com\/index.php\/wp-json\/wp\/v2\/media\/17832"}],"wp:attachment":[{"href":"https:\/\/marneantic.com\/index.php\/wp-json\/wp\/v2\/media?parent=17831"}],"wp:term":[{"taxonomy":"product_cat","embeddable":true,"href":"https:\/\/marneantic.com\/index.php\/wp-json\/wp\/v2\/product_cat?post=17831"},{"taxonomy":"product_tag","embeddable":true,"href":"https:\/\/marneantic.com\/index.php\/wp-json\/wp\/v2\/product_tag?post=17831"}],"curies":[{"name":"wp","href":"https:\/\/api.w.org\/{rel}","templated":true}]}}