{"id":17961,"date":"2023-01-07T17:13:00","date_gmt":"2023-01-07T16:13:00","guid":{"rendered":"https:\/\/marneantic.com\/?post_type=product&#038;p=17961"},"modified":"2023-01-07T17:15:12","modified_gmt":"2023-01-07T16:15:12","slug":"tasse-the-ancienne-en-porcelaine-de-limoges-4","status":"publish","type":"product","link":"https:\/\/marneantic.com\/index.php\/produit\/tasse-the-ancienne-en-porcelaine-de-limoges-4\/","title":{"rendered":"Tasse th\u00e9 ancienne en porcelaine de Limoges"},"content":{"rendered":"","protected":false},"excerpt":{"rendered":"<p><span style=\"font-family: Arial;\">Tasse \u00e0 caf\u00e9 ancienne en porcelaine de Limoges, manufacture Chabrol&amp;Poirier vers 1915 en tr\u00e8s bon \u00e9tat<\/span><\/p>\n<div><span style=\"font-family: Arial;\">hauteur:5.5cm<\/span><\/div>\n<div><span style=\"font-family: Arial;\">diametre:7.5cm<\/span><\/div>\n<div><span style=\"font-family: Arial;\">diam\u00e8tre soucoupe:15cm<\/span><\/div>\n","protected":false},"featured_media":17962,"comment_status":"closed","ping_status":"closed","template":"","meta":{"_et_pb_use_builder":"","_et_pb_old_content":"","_et_gb_content_width":""},"product_cat":[26,7],"product_tag":[],"_links":{"self":[{"href":"https:\/\/marneantic.com\/index.php\/wp-json\/wp\/v2\/product\/17961"}],"collection":[{"href":"https:\/\/marneantic.com\/index.php\/wp-json\/wp\/v2\/product"}],"about":[{"href":"https:\/\/marneantic.com\/index.php\/wp-json\/wp\/v2\/types\/product"}],"replies":[{"embeddable":true,"href":"https:\/\/marneantic.com\/index.php\/wp-json\/wp\/v2\/comments?post=17961"}],"wp:featuredmedia":[{"embeddable":true,"href":"https:\/\/marneantic.com\/index.php\/wp-json\/wp\/v2\/media\/17962"}],"wp:attachment":[{"href":"https:\/\/marneantic.com\/index.php\/wp-json\/wp\/v2\/media?parent=17961"}],"wp:term":[{"taxonomy":"product_cat","embeddable":true,"href":"https:\/\/marneantic.com\/index.php\/wp-json\/wp\/v2\/product_cat?post=17961"},{"taxonomy":"product_tag","embeddable":true,"href":"https:\/\/marneantic.com\/index.php\/wp-json\/wp\/v2\/product_tag?post=17961"}],"curies":[{"name":"wp","href":"https:\/\/api.w.org\/{rel}","templated":true}]}}