{"id":17995,"date":"2023-01-13T18:23:22","date_gmt":"2023-01-13T17:23:22","guid":{"rendered":"https:\/\/marneantic.com\/?post_type=product&#038;p=17995"},"modified":"2023-01-13T18:27:07","modified_gmt":"2023-01-13T17:27:07","slug":"tasse-a-cafe-ancienne-en-porcelaine-de-limoges-2","status":"publish","type":"product","link":"https:\/\/marneantic.com\/index.php\/produit\/tasse-a-cafe-ancienne-en-porcelaine-de-limoges-2\/","title":{"rendered":"Tasse a caf\u00e9 ancienne en porcelaine de limoges"},"content":{"rendered":"","protected":false},"excerpt":{"rendered":"<p><span style=\"font-family: Arial; font-size: large;\">Tasse a caf\u00e9 ancienne en porcelaine de limoges en tr\u00e8s bon \u00e9tat<\/span><\/p>\n<div><span style=\"font-family: Arial; font-size: large;\">tasse hauteur:5.8cm<\/span><\/div>\n<div><span style=\"font-family: Arial; font-size: large;\">diametre:5.5cm<\/span><\/div>\n<div><span style=\"font-family: Arial; font-size: large;\">diam\u00e8tre soucoupe:11.2cm<\/span><\/div>\n","protected":false},"featured_media":17998,"comment_status":"closed","ping_status":"closed","template":"","meta":{"_et_pb_use_builder":"","_et_pb_old_content":"","_et_gb_content_width":""},"product_cat":[26,7],"product_tag":[],"_links":{"self":[{"href":"https:\/\/marneantic.com\/index.php\/wp-json\/wp\/v2\/product\/17995"}],"collection":[{"href":"https:\/\/marneantic.com\/index.php\/wp-json\/wp\/v2\/product"}],"about":[{"href":"https:\/\/marneantic.com\/index.php\/wp-json\/wp\/v2\/types\/product"}],"replies":[{"embeddable":true,"href":"https:\/\/marneantic.com\/index.php\/wp-json\/wp\/v2\/comments?post=17995"}],"wp:featuredmedia":[{"embeddable":true,"href":"https:\/\/marneantic.com\/index.php\/wp-json\/wp\/v2\/media\/17998"}],"wp:attachment":[{"href":"https:\/\/marneantic.com\/index.php\/wp-json\/wp\/v2\/media?parent=17995"}],"wp:term":[{"taxonomy":"product_cat","embeddable":true,"href":"https:\/\/marneantic.com\/index.php\/wp-json\/wp\/v2\/product_cat?post=17995"},{"taxonomy":"product_tag","embeddable":true,"href":"https:\/\/marneantic.com\/index.php\/wp-json\/wp\/v2\/product_tag?post=17995"}],"curies":[{"name":"wp","href":"https:\/\/api.w.org\/{rel}","templated":true}]}}