{"id":18009,"date":"2023-01-14T16:02:13","date_gmt":"2023-01-14T15:02:13","guid":{"rendered":"https:\/\/marneantic.com\/?post_type=product&#038;p=18009"},"modified":"2023-01-14T16:11:08","modified_gmt":"2023-01-14T15:11:08","slug":"lampe-de-chevet-ancienne-emaillee-abat-jour-vintage","status":"publish","type":"product","link":"https:\/\/marneantic.com\/index.php\/produit\/lampe-de-chevet-ancienne-emaillee-abat-jour-vintage\/","title":{"rendered":"Lampe de chevet ancienne \u00e9maill\u00e9e, abat-jour vintage"},"content":{"rendered":"","protected":false},"excerpt":{"rendered":"<div>Lampe de chevet ancienne \u00e9maill\u00e9e, abat-jour vintage d&rsquo;\u00e9poque en bon \u00e9tat(il manque une petite rose du d\u00e9cor &#8211; voir photo), fonctionne, hauteur totale:29cm,diametre abat-jour:17cm, fournie avec ampoule<\/div>\n<p>&nbsp;<\/p>\n","protected":false},"featured_media":18010,"comment_status":"closed","ping_status":"closed","template":"","meta":{"_et_pb_use_builder":"","_et_pb_old_content":"","_et_gb_content_width":""},"product_cat":[24,16],"product_tag":[],"_links":{"self":[{"href":"https:\/\/marneantic.com\/index.php\/wp-json\/wp\/v2\/product\/18009"}],"collection":[{"href":"https:\/\/marneantic.com\/index.php\/wp-json\/wp\/v2\/product"}],"about":[{"href":"https:\/\/marneantic.com\/index.php\/wp-json\/wp\/v2\/types\/product"}],"replies":[{"embeddable":true,"href":"https:\/\/marneantic.com\/index.php\/wp-json\/wp\/v2\/comments?post=18009"}],"wp:featuredmedia":[{"embeddable":true,"href":"https:\/\/marneantic.com\/index.php\/wp-json\/wp\/v2\/media\/18010"}],"wp:attachment":[{"href":"https:\/\/marneantic.com\/index.php\/wp-json\/wp\/v2\/media?parent=18009"}],"wp:term":[{"taxonomy":"product_cat","embeddable":true,"href":"https:\/\/marneantic.com\/index.php\/wp-json\/wp\/v2\/product_cat?post=18009"},{"taxonomy":"product_tag","embeddable":true,"href":"https:\/\/marneantic.com\/index.php\/wp-json\/wp\/v2\/product_tag?post=18009"}],"curies":[{"name":"wp","href":"https:\/\/api.w.org\/{rel}","templated":true}]}}