{"id":18041,"date":"2023-01-18T14:30:16","date_gmt":"2023-01-18T13:30:16","guid":{"rendered":"https:\/\/marneantic.com\/?post_type=product&#038;p=18041"},"modified":"2023-01-18T14:37:11","modified_gmt":"2023-01-18T13:37:11","slug":"dejeuner-ancien-en-porcelaine-de-limoges","status":"publish","type":"product","link":"https:\/\/marneantic.com\/index.php\/produit\/dejeuner-ancien-en-porcelaine-de-limoges\/","title":{"rendered":"D\u00e9jeuner ancien en porcelaine de Limoges"},"content":{"rendered":"","protected":false},"excerpt":{"rendered":"<p>D\u00e9jeuner ancien en porcelaine de Limoges, manufacture Bernardaud, d\u00e9cor floral rehauss\u00e9 a l&rsquo;\u00e9mail, en tr\u00e8s bon \u00e9tat, tasse diametre:12cm,hauteur:5cm,soucoupe diametre:17cm<\/p>\n","protected":false},"featured_media":18042,"comment_status":"closed","ping_status":"closed","template":"","meta":{"_et_pb_use_builder":"","_et_pb_old_content":"","_et_gb_content_width":""},"product_cat":[26,7],"product_tag":[],"_links":{"self":[{"href":"https:\/\/marneantic.com\/index.php\/wp-json\/wp\/v2\/product\/18041"}],"collection":[{"href":"https:\/\/marneantic.com\/index.php\/wp-json\/wp\/v2\/product"}],"about":[{"href":"https:\/\/marneantic.com\/index.php\/wp-json\/wp\/v2\/types\/product"}],"replies":[{"embeddable":true,"href":"https:\/\/marneantic.com\/index.php\/wp-json\/wp\/v2\/comments?post=18041"}],"wp:featuredmedia":[{"embeddable":true,"href":"https:\/\/marneantic.com\/index.php\/wp-json\/wp\/v2\/media\/18042"}],"wp:attachment":[{"href":"https:\/\/marneantic.com\/index.php\/wp-json\/wp\/v2\/media?parent=18041"}],"wp:term":[{"taxonomy":"product_cat","embeddable":true,"href":"https:\/\/marneantic.com\/index.php\/wp-json\/wp\/v2\/product_cat?post=18041"},{"taxonomy":"product_tag","embeddable":true,"href":"https:\/\/marneantic.com\/index.php\/wp-json\/wp\/v2\/product_tag?post=18041"}],"curies":[{"name":"wp","href":"https:\/\/api.w.org\/{rel}","templated":true}]}}