{"id":18112,"date":"2023-01-27T15:15:35","date_gmt":"2023-01-27T14:15:35","guid":{"rendered":"https:\/\/marneantic.com\/?post_type=product&#038;p=18112"},"modified":"2023-01-27T15:21:35","modified_gmt":"2023-01-27T14:21:35","slug":"porte-plumes-ancien-en-verre-moule","status":"publish","type":"product","link":"https:\/\/marneantic.com\/index.php\/produit\/porte-plumes-ancien-en-verre-moule\/","title":{"rendered":"Porte plumes ancien en verre moul\u00e9"},"content":{"rendered":"","protected":false},"excerpt":{"rendered":"<p>Porte plumes ancien en verre moul\u00e9 en tr\u00e8s bon \u00e9tat, 3 emplacements dress\u00e9s et 2 en travers couch\u00e9s, dimensions:7.7&#215;7.7cm, hauteur:4.5cm, les plumes ne sont pas vendues avec<\/p>\n","protected":false},"featured_media":18115,"comment_status":"open","ping_status":"closed","template":"","meta":{"_et_pb_use_builder":"","_et_pb_old_content":"","_et_gb_content_width":""},"product_cat":[14],"product_tag":[],"_links":{"self":[{"href":"https:\/\/marneantic.com\/index.php\/wp-json\/wp\/v2\/product\/18112"}],"collection":[{"href":"https:\/\/marneantic.com\/index.php\/wp-json\/wp\/v2\/product"}],"about":[{"href":"https:\/\/marneantic.com\/index.php\/wp-json\/wp\/v2\/types\/product"}],"replies":[{"embeddable":true,"href":"https:\/\/marneantic.com\/index.php\/wp-json\/wp\/v2\/comments?post=18112"}],"wp:featuredmedia":[{"embeddable":true,"href":"https:\/\/marneantic.com\/index.php\/wp-json\/wp\/v2\/media\/18115"}],"wp:attachment":[{"href":"https:\/\/marneantic.com\/index.php\/wp-json\/wp\/v2\/media?parent=18112"}],"wp:term":[{"taxonomy":"product_cat","embeddable":true,"href":"https:\/\/marneantic.com\/index.php\/wp-json\/wp\/v2\/product_cat?post=18112"},{"taxonomy":"product_tag","embeddable":true,"href":"https:\/\/marneantic.com\/index.php\/wp-json\/wp\/v2\/product_tag?post=18112"}],"curies":[{"name":"wp","href":"https:\/\/api.w.org\/{rel}","templated":true}]}}