{"id":18125,"date":"2023-01-30T14:55:11","date_gmt":"2023-01-30T13:55:11","guid":{"rendered":"https:\/\/marneantic.com\/?post_type=product&#038;p=18125"},"modified":"2023-01-30T15:05:40","modified_gmt":"2023-01-30T14:05:40","slug":"tasse-the-ancienne-en-porcelaine-2","status":"publish","type":"product","link":"https:\/\/marneantic.com\/index.php\/produit\/tasse-the-ancienne-en-porcelaine-2\/","title":{"rendered":"Tasse th\u00e9 ancienne en porcelaine"},"content":{"rendered":"","protected":false},"excerpt":{"rendered":"<p><span style=\"font-family: Arial;\">Tasse \u00e0 th\u00e9 ancienne en porcelaine, en tr\u00e8s bon \u00e9tat, aucune marque de fabrique<\/span><\/p>\n<div><span style=\"font-family: Arial;\">hauteur:5.5cm<\/span><\/div>\n<div><span style=\"font-family: Arial;\">diametre:8.2cm<\/span><\/div>\n<div>diam\u00e8tre soucoupe:15.2cm<\/div>\n","protected":false},"featured_media":18126,"comment_status":"closed","ping_status":"closed","template":"","meta":{"_et_pb_use_builder":"","_et_pb_old_content":"","_et_gb_content_width":""},"product_cat":[26,7],"product_tag":[],"_links":{"self":[{"href":"https:\/\/marneantic.com\/index.php\/wp-json\/wp\/v2\/product\/18125"}],"collection":[{"href":"https:\/\/marneantic.com\/index.php\/wp-json\/wp\/v2\/product"}],"about":[{"href":"https:\/\/marneantic.com\/index.php\/wp-json\/wp\/v2\/types\/product"}],"replies":[{"embeddable":true,"href":"https:\/\/marneantic.com\/index.php\/wp-json\/wp\/v2\/comments?post=18125"}],"wp:featuredmedia":[{"embeddable":true,"href":"https:\/\/marneantic.com\/index.php\/wp-json\/wp\/v2\/media\/18126"}],"wp:attachment":[{"href":"https:\/\/marneantic.com\/index.php\/wp-json\/wp\/v2\/media?parent=18125"}],"wp:term":[{"taxonomy":"product_cat","embeddable":true,"href":"https:\/\/marneantic.com\/index.php\/wp-json\/wp\/v2\/product_cat?post=18125"},{"taxonomy":"product_tag","embeddable":true,"href":"https:\/\/marneantic.com\/index.php\/wp-json\/wp\/v2\/product_tag?post=18125"}],"curies":[{"name":"wp","href":"https:\/\/api.w.org\/{rel}","templated":true}]}}