{"id":18217,"date":"2023-02-07T17:37:46","date_gmt":"2023-02-07T16:37:46","guid":{"rendered":"https:\/\/marneantic.com\/?post_type=product&#038;p=18217"},"modified":"2023-02-07T17:37:47","modified_gmt":"2023-02-07T16:37:47","slug":"balance-testut-bakelite-double-face-6-poids","status":"publish","type":"product","link":"https:\/\/marneantic.com\/index.php\/produit\/balance-testut-bakelite-double-face-6-poids\/","title":{"rendered":"Balance Testut bak\u00e9lite double face + 6 poids"},"content":{"rendered":"","protected":false},"excerpt":{"rendered":"<p>Balance de marque TESTUT ancienne en bak\u00e9lite , en tr\u00e8s bon \u00e9tat, double face, une face graduation classique et une face pour pes\u00e9e postale, fonctionne parfaitement, d\u00e9corative, tendance, avec belle patine, 4 pieds r\u00e9glables.<br \/>\nvendue avec 6 poids(500gr et 1KG)<br \/>\nlargeur:60cm<br \/>\nhauteur:53.5cm<br \/>\nprofondeur:28cm<\/p>\n<p>pas d&rsquo;exp\u00e9dition postale pour cet article, remise en main propre domicile ou livraison possible en r\u00e9gion parisienne(conditions sur demande)<\/p>\n","protected":false},"featured_media":18218,"comment_status":"open","ping_status":"closed","template":"","meta":{"_et_pb_use_builder":"","_et_pb_old_content":"","_et_gb_content_width":""},"product_cat":[8,16],"product_tag":[],"_links":{"self":[{"href":"https:\/\/marneantic.com\/index.php\/wp-json\/wp\/v2\/product\/18217"}],"collection":[{"href":"https:\/\/marneantic.com\/index.php\/wp-json\/wp\/v2\/product"}],"about":[{"href":"https:\/\/marneantic.com\/index.php\/wp-json\/wp\/v2\/types\/product"}],"replies":[{"embeddable":true,"href":"https:\/\/marneantic.com\/index.php\/wp-json\/wp\/v2\/comments?post=18217"}],"wp:featuredmedia":[{"embeddable":true,"href":"https:\/\/marneantic.com\/index.php\/wp-json\/wp\/v2\/media\/18218"}],"wp:attachment":[{"href":"https:\/\/marneantic.com\/index.php\/wp-json\/wp\/v2\/media?parent=18217"}],"wp:term":[{"taxonomy":"product_cat","embeddable":true,"href":"https:\/\/marneantic.com\/index.php\/wp-json\/wp\/v2\/product_cat?post=18217"},{"taxonomy":"product_tag","embeddable":true,"href":"https:\/\/marneantic.com\/index.php\/wp-json\/wp\/v2\/product_tag?post=18217"}],"curies":[{"name":"wp","href":"https:\/\/api.w.org\/{rel}","templated":true}]}}