{"id":18262,"date":"2023-02-10T15:40:23","date_gmt":"2023-02-10T14:40:23","guid":{"rendered":"https:\/\/marneantic.com\/?post_type=product&#038;p=18262"},"modified":"2023-02-10T15:41:36","modified_gmt":"2023-02-10T14:41:36","slug":"poudrier-ancien-en-metal-dore-et-cuir-facon-serpent-2","status":"publish","type":"product","link":"https:\/\/marneantic.com\/index.php\/produit\/poudrier-ancien-en-metal-dore-et-cuir-facon-serpent-2\/","title":{"rendered":"Poudrier ancien en m\u00e9tal dor\u00e9 et cuir fa\u00e7on serpent"},"content":{"rendered":"","protected":false},"excerpt":{"rendered":"<p>Poudrier ancien en m\u00e9tal dor\u00e9 et cuir fa\u00e7on serpent, glace biseaut\u00e9e, en bon \u00e9tat,dimensions:10.5&#215;7.5cm<\/p>\n","protected":false},"featured_media":18254,"comment_status":"open","ping_status":"closed","template":"","meta":{"_et_pb_use_builder":"","_et_pb_old_content":"","_et_gb_content_width":""},"product_cat":[14],"product_tag":[],"_links":{"self":[{"href":"https:\/\/marneantic.com\/index.php\/wp-json\/wp\/v2\/product\/18262"}],"collection":[{"href":"https:\/\/marneantic.com\/index.php\/wp-json\/wp\/v2\/product"}],"about":[{"href":"https:\/\/marneantic.com\/index.php\/wp-json\/wp\/v2\/types\/product"}],"replies":[{"embeddable":true,"href":"https:\/\/marneantic.com\/index.php\/wp-json\/wp\/v2\/comments?post=18262"}],"wp:featuredmedia":[{"embeddable":true,"href":"https:\/\/marneantic.com\/index.php\/wp-json\/wp\/v2\/media\/18254"}],"wp:attachment":[{"href":"https:\/\/marneantic.com\/index.php\/wp-json\/wp\/v2\/media?parent=18262"}],"wp:term":[{"taxonomy":"product_cat","embeddable":true,"href":"https:\/\/marneantic.com\/index.php\/wp-json\/wp\/v2\/product_cat?post=18262"},{"taxonomy":"product_tag","embeddable":true,"href":"https:\/\/marneantic.com\/index.php\/wp-json\/wp\/v2\/product_tag?post=18262"}],"curies":[{"name":"wp","href":"https:\/\/api.w.org\/{rel}","templated":true}]}}