{"id":18288,"date":"2023-02-13T14:46:30","date_gmt":"2023-02-13T13:46:30","guid":{"rendered":"https:\/\/marneantic.com\/?post_type=product&#038;p=18288"},"modified":"2023-02-13T14:48:44","modified_gmt":"2023-02-13T13:48:44","slug":"coupelle-vide-poche-en-faience-de-charolles-epoque-20eme","status":"publish","type":"product","link":"https:\/\/marneantic.com\/index.php\/produit\/coupelle-vide-poche-en-faience-de-charolles-epoque-20eme\/","title":{"rendered":"Coupelle\/vide-poche en fa\u00efence de Charolles, \u00e9poque 20\u00e8me."},"content":{"rendered":"","protected":false},"excerpt":{"rendered":"<p><span style=\"font-family: Arial; font-size: large;\">Coupelle\/vide-poche en fa\u00efence de Charolles, \u00e9poque 20\u00e8me.<\/span><\/p>\n<div><span style=\"font-family: Arial; font-size: large;\">parfait \u00e9tat<\/span><\/div>\n<div><span style=\"font-family: Arial; font-size: large;\">longueur:15.7cm<\/span><\/div>\n<div><span style=\"font-family: Arial; font-size: large;\">largeur:13.2cm<\/span><\/div>\n","protected":false},"featured_media":18291,"comment_status":"open","ping_status":"closed","template":"","meta":{"_et_pb_use_builder":"","_et_pb_old_content":"","_et_gb_content_width":""},"product_cat":[14],"product_tag":[],"_links":{"self":[{"href":"https:\/\/marneantic.com\/index.php\/wp-json\/wp\/v2\/product\/18288"}],"collection":[{"href":"https:\/\/marneantic.com\/index.php\/wp-json\/wp\/v2\/product"}],"about":[{"href":"https:\/\/marneantic.com\/index.php\/wp-json\/wp\/v2\/types\/product"}],"replies":[{"embeddable":true,"href":"https:\/\/marneantic.com\/index.php\/wp-json\/wp\/v2\/comments?post=18288"}],"wp:featuredmedia":[{"embeddable":true,"href":"https:\/\/marneantic.com\/index.php\/wp-json\/wp\/v2\/media\/18291"}],"wp:attachment":[{"href":"https:\/\/marneantic.com\/index.php\/wp-json\/wp\/v2\/media?parent=18288"}],"wp:term":[{"taxonomy":"product_cat","embeddable":true,"href":"https:\/\/marneantic.com\/index.php\/wp-json\/wp\/v2\/product_cat?post=18288"},{"taxonomy":"product_tag","embeddable":true,"href":"https:\/\/marneantic.com\/index.php\/wp-json\/wp\/v2\/product_tag?post=18288"}],"curies":[{"name":"wp","href":"https:\/\/api.w.org\/{rel}","templated":true}]}}