{"id":18318,"date":"2023-02-13T16:42:51","date_gmt":"2023-02-13T15:42:51","guid":{"rendered":"https:\/\/marneantic.com\/?post_type=product&#038;p=18318"},"modified":"2023-02-13T16:48:57","modified_gmt":"2023-02-13T15:48:57","slug":"pichet-a-lait-ancien-en-porcelaine-de-limoges-21","status":"publish","type":"product","link":"https:\/\/marneantic.com\/index.php\/produit\/pichet-a-lait-ancien-en-porcelaine-de-limoges-21\/","title":{"rendered":"Pichet a lait ancien en porcelaine de Limoges"},"content":{"rendered":"","protected":false},"excerpt":{"rendered":"<p><span style=\"font-family: Arial;\">Pichet a lait ancien\u00a0en porcelaine de Limoges, manufacture BERNARDAUD&amp;CIE ann\u00e9es 20&prime;, en tr\u00e8s bon \u00e9tat<\/span><\/p>\n<div><span style=\"font-family: Arial;\">hauteur:9.5cm<\/span><\/div>\n<div><span style=\"font-family: Arial;\">diametre:11cm hors bec et poign\u00e9e<\/span><\/div>\n<div><\/div>\n","protected":false},"featured_media":18319,"comment_status":"closed","ping_status":"closed","template":"","meta":{"_et_pb_use_builder":"","_et_pb_old_content":"","_et_gb_content_width":""},"product_cat":[26,7],"product_tag":[],"_links":{"self":[{"href":"https:\/\/marneantic.com\/index.php\/wp-json\/wp\/v2\/product\/18318"}],"collection":[{"href":"https:\/\/marneantic.com\/index.php\/wp-json\/wp\/v2\/product"}],"about":[{"href":"https:\/\/marneantic.com\/index.php\/wp-json\/wp\/v2\/types\/product"}],"replies":[{"embeddable":true,"href":"https:\/\/marneantic.com\/index.php\/wp-json\/wp\/v2\/comments?post=18318"}],"wp:featuredmedia":[{"embeddable":true,"href":"https:\/\/marneantic.com\/index.php\/wp-json\/wp\/v2\/media\/18319"}],"wp:attachment":[{"href":"https:\/\/marneantic.com\/index.php\/wp-json\/wp\/v2\/media?parent=18318"}],"wp:term":[{"taxonomy":"product_cat","embeddable":true,"href":"https:\/\/marneantic.com\/index.php\/wp-json\/wp\/v2\/product_cat?post=18318"},{"taxonomy":"product_tag","embeddable":true,"href":"https:\/\/marneantic.com\/index.php\/wp-json\/wp\/v2\/product_tag?post=18318"}],"curies":[{"name":"wp","href":"https:\/\/api.w.org\/{rel}","templated":true}]}}