{"id":18346,"date":"2023-02-17T11:36:28","date_gmt":"2023-02-17T10:36:28","guid":{"rendered":"https:\/\/marneantic.com\/?post_type=product&#038;p=18346"},"modified":"2023-02-17T11:43:21","modified_gmt":"2023-02-17T10:43:21","slug":"coupe-papier-ancien-en-bois-noirci","status":"publish","type":"product","link":"https:\/\/marneantic.com\/index.php\/produit\/coupe-papier-ancien-en-bois-noirci\/","title":{"rendered":"Coupe papier ancien en bois noirci"},"content":{"rendered":"","protected":false},"excerpt":{"rendered":"<p>Coupe papier ancien en bois tourn\u00e9, travaill\u00e9 et noirci, en tr\u00e8s bon \u00e9tat, longueur:20.5cm, largeur:1.6cm<\/p>\n","protected":false},"featured_media":18347,"comment_status":"closed","ping_status":"closed","template":"","meta":{"_et_pb_use_builder":"","_et_pb_old_content":"","_et_gb_content_width":""},"product_cat":[14],"product_tag":[],"_links":{"self":[{"href":"https:\/\/marneantic.com\/index.php\/wp-json\/wp\/v2\/product\/18346"}],"collection":[{"href":"https:\/\/marneantic.com\/index.php\/wp-json\/wp\/v2\/product"}],"about":[{"href":"https:\/\/marneantic.com\/index.php\/wp-json\/wp\/v2\/types\/product"}],"replies":[{"embeddable":true,"href":"https:\/\/marneantic.com\/index.php\/wp-json\/wp\/v2\/comments?post=18346"}],"wp:featuredmedia":[{"embeddable":true,"href":"https:\/\/marneantic.com\/index.php\/wp-json\/wp\/v2\/media\/18347"}],"wp:attachment":[{"href":"https:\/\/marneantic.com\/index.php\/wp-json\/wp\/v2\/media?parent=18346"}],"wp:term":[{"taxonomy":"product_cat","embeddable":true,"href":"https:\/\/marneantic.com\/index.php\/wp-json\/wp\/v2\/product_cat?post=18346"},{"taxonomy":"product_tag","embeddable":true,"href":"https:\/\/marneantic.com\/index.php\/wp-json\/wp\/v2\/product_tag?post=18346"}],"curies":[{"name":"wp","href":"https:\/\/api.w.org\/{rel}","templated":true}]}}