{"id":1839,"date":"2016-07-07T14:29:01","date_gmt":"2016-07-07T13:29:01","guid":{"rendered":"http:\/\/marneantic.com\/?post_type=product&#038;p=1839"},"modified":"2016-07-07T14:29:01","modified_gmt":"2016-07-07T13:29:01","slug":"service-a-oeufs-ancien-en-porcelaine-sur-presentoir","status":"publish","type":"product","link":"https:\/\/marneantic.com\/index.php\/produit\/service-a-oeufs-ancien-en-porcelaine-sur-presentoir\/","title":{"rendered":"Service a \u0153ufs ancien en porcelaine sur pr\u00e9sentoir"},"content":{"rendered":"","protected":false},"excerpt":{"rendered":"<p>Service a \u0153ufs ancien en porcelaine sur pr\u00e9sentoir,6 coquetiers,d\u00e9cor floral,en tr\u00e8s bon \u00e9tat,aucune marque de fabrique<\/p>\n<p>coquetiers hauteur:6cm,diametre:4.5cm<\/p>\n","protected":false},"featured_media":1840,"comment_status":"closed","ping_status":"closed","template":"","meta":{"_et_pb_use_builder":"","_et_pb_old_content":"","_et_gb_content_width":""},"product_cat":[13,10],"product_tag":[],"_links":{"self":[{"href":"https:\/\/marneantic.com\/index.php\/wp-json\/wp\/v2\/product\/1839"}],"collection":[{"href":"https:\/\/marneantic.com\/index.php\/wp-json\/wp\/v2\/product"}],"about":[{"href":"https:\/\/marneantic.com\/index.php\/wp-json\/wp\/v2\/types\/product"}],"replies":[{"embeddable":true,"href":"https:\/\/marneantic.com\/index.php\/wp-json\/wp\/v2\/comments?post=1839"}],"wp:featuredmedia":[{"embeddable":true,"href":"https:\/\/marneantic.com\/index.php\/wp-json\/wp\/v2\/media\/1840"}],"wp:attachment":[{"href":"https:\/\/marneantic.com\/index.php\/wp-json\/wp\/v2\/media?parent=1839"}],"wp:term":[{"taxonomy":"product_cat","embeddable":true,"href":"https:\/\/marneantic.com\/index.php\/wp-json\/wp\/v2\/product_cat?post=1839"},{"taxonomy":"product_tag","embeddable":true,"href":"https:\/\/marneantic.com\/index.php\/wp-json\/wp\/v2\/product_tag?post=1839"}],"curies":[{"name":"wp","href":"https:\/\/api.w.org\/{rel}","templated":true}]}}