{"id":18421,"date":"2023-02-21T17:03:27","date_gmt":"2023-02-21T16:03:27","guid":{"rendered":"https:\/\/marneantic.com\/?post_type=product&#038;p=18421"},"modified":"2023-02-21T17:10:21","modified_gmt":"2023-02-21T16:10:21","slug":"timbale-ancienne-en-metal-argente-saglier","status":"publish","type":"product","link":"https:\/\/marneantic.com\/index.php\/produit\/timbale-ancienne-en-metal-argente-saglier\/","title":{"rendered":"Timbale ancienne en m\u00e9tal argent\u00e9 &#8211; SAGLIER"},"content":{"rendered":"","protected":false},"excerpt":{"rendered":"<p>Timbale ancienne en m\u00e9tal argent\u00e9, orf\u00e8vre SAGLIER, en bon \u00e9tat, hauteur:8.2cm,diametre:6.5cm<\/p>\n","protected":false},"featured_media":18422,"comment_status":"closed","ping_status":"closed","template":"","meta":{"_et_pb_use_builder":"","_et_pb_old_content":"","_et_gb_content_width":""},"product_cat":[13,12,10,44],"product_tag":[],"_links":{"self":[{"href":"https:\/\/marneantic.com\/index.php\/wp-json\/wp\/v2\/product\/18421"}],"collection":[{"href":"https:\/\/marneantic.com\/index.php\/wp-json\/wp\/v2\/product"}],"about":[{"href":"https:\/\/marneantic.com\/index.php\/wp-json\/wp\/v2\/types\/product"}],"replies":[{"embeddable":true,"href":"https:\/\/marneantic.com\/index.php\/wp-json\/wp\/v2\/comments?post=18421"}],"wp:featuredmedia":[{"embeddable":true,"href":"https:\/\/marneantic.com\/index.php\/wp-json\/wp\/v2\/media\/18422"}],"wp:attachment":[{"href":"https:\/\/marneantic.com\/index.php\/wp-json\/wp\/v2\/media?parent=18421"}],"wp:term":[{"taxonomy":"product_cat","embeddable":true,"href":"https:\/\/marneantic.com\/index.php\/wp-json\/wp\/v2\/product_cat?post=18421"},{"taxonomy":"product_tag","embeddable":true,"href":"https:\/\/marneantic.com\/index.php\/wp-json\/wp\/v2\/product_tag?post=18421"}],"curies":[{"name":"wp","href":"https:\/\/api.w.org\/{rel}","templated":true}]}}