{"id":18442,"date":"2023-02-22T16:02:21","date_gmt":"2023-02-22T15:02:21","guid":{"rendered":"https:\/\/marneantic.com\/?post_type=product&#038;p=18442"},"modified":"2023-02-22T16:08:25","modified_gmt":"2023-02-22T15:08:25","slug":"carafe-a-liqueur-ancienne-en-cristal","status":"publish","type":"product","link":"https:\/\/marneantic.com\/index.php\/produit\/carafe-a-liqueur-ancienne-en-cristal\/","title":{"rendered":"Carafe a liqueur ancienne en cristal"},"content":{"rendered":"","protected":false},"excerpt":{"rendered":"<p>Carafe a liqueur ancienne en cristal grav\u00e9, en tr\u00e8s bon \u00e9tat, bouchon assorti d&rsquo;origine, hauteur totale:20.5cm,diametre:8cm<\/p>\n","protected":false},"featured_media":18443,"comment_status":"closed","ping_status":"closed","template":"","meta":{"_et_pb_use_builder":"","_et_pb_old_content":"","_et_gb_content_width":""},"product_cat":[10,11],"product_tag":[],"_links":{"self":[{"href":"https:\/\/marneantic.com\/index.php\/wp-json\/wp\/v2\/product\/18442"}],"collection":[{"href":"https:\/\/marneantic.com\/index.php\/wp-json\/wp\/v2\/product"}],"about":[{"href":"https:\/\/marneantic.com\/index.php\/wp-json\/wp\/v2\/types\/product"}],"replies":[{"embeddable":true,"href":"https:\/\/marneantic.com\/index.php\/wp-json\/wp\/v2\/comments?post=18442"}],"wp:featuredmedia":[{"embeddable":true,"href":"https:\/\/marneantic.com\/index.php\/wp-json\/wp\/v2\/media\/18443"}],"wp:attachment":[{"href":"https:\/\/marneantic.com\/index.php\/wp-json\/wp\/v2\/media?parent=18442"}],"wp:term":[{"taxonomy":"product_cat","embeddable":true,"href":"https:\/\/marneantic.com\/index.php\/wp-json\/wp\/v2\/product_cat?post=18442"},{"taxonomy":"product_tag","embeddable":true,"href":"https:\/\/marneantic.com\/index.php\/wp-json\/wp\/v2\/product_tag?post=18442"}],"curies":[{"name":"wp","href":"https:\/\/api.w.org\/{rel}","templated":true}]}}