{"id":18517,"date":"2023-02-28T14:57:30","date_gmt":"2023-02-28T13:57:30","guid":{"rendered":"https:\/\/marneantic.com\/?post_type=product&#038;p=18517"},"modified":"2023-02-28T15:03:58","modified_gmt":"2023-02-28T14:03:58","slug":"boite-a-cigarettes-ancienne-en-bois-souvenir-damboise","status":"publish","type":"product","link":"https:\/\/marneantic.com\/index.php\/produit\/boite-a-cigarettes-ancienne-en-bois-souvenir-damboise\/","title":{"rendered":"Boite a cigarettes ancienne en bois &#8211; souvenir d&rsquo;Amboise"},"content":{"rendered":"","protected":false},"excerpt":{"rendered":"<p><span style=\"font-family: Arial; font-size: large;\">Boite a cigarettes ancienne en bois &#8211; souvenir d&rsquo;Amboise, en tr\u00e8s bon \u00e9tat, int\u00e9rieur gain\u00e9 de papier imitation cuir<\/span><\/p>\n<div><span style=\"font-family: Arial; font-size: large;\">longueur:27cm<\/span><\/div>\n<div><span style=\"font-family: Arial; font-size: large;\">largeur:11.5cm<\/span><\/div>\n<div><span style=\"font-family: Arial; font-size: large;\">hauteur:9.5cm<\/span><\/div>\n","protected":false},"featured_media":18518,"comment_status":"closed","ping_status":"closed","template":"","meta":{"_et_pb_use_builder":"","_et_pb_old_content":"","_et_gb_content_width":""},"product_cat":[14,16],"product_tag":[],"_links":{"self":[{"href":"https:\/\/marneantic.com\/index.php\/wp-json\/wp\/v2\/product\/18517"}],"collection":[{"href":"https:\/\/marneantic.com\/index.php\/wp-json\/wp\/v2\/product"}],"about":[{"href":"https:\/\/marneantic.com\/index.php\/wp-json\/wp\/v2\/types\/product"}],"replies":[{"embeddable":true,"href":"https:\/\/marneantic.com\/index.php\/wp-json\/wp\/v2\/comments?post=18517"}],"wp:featuredmedia":[{"embeddable":true,"href":"https:\/\/marneantic.com\/index.php\/wp-json\/wp\/v2\/media\/18518"}],"wp:attachment":[{"href":"https:\/\/marneantic.com\/index.php\/wp-json\/wp\/v2\/media?parent=18517"}],"wp:term":[{"taxonomy":"product_cat","embeddable":true,"href":"https:\/\/marneantic.com\/index.php\/wp-json\/wp\/v2\/product_cat?post=18517"},{"taxonomy":"product_tag","embeddable":true,"href":"https:\/\/marneantic.com\/index.php\/wp-json\/wp\/v2\/product_tag?post=18517"}],"curies":[{"name":"wp","href":"https:\/\/api.w.org\/{rel}","templated":true}]}}