{"id":18560,"date":"2023-03-01T18:09:36","date_gmt":"2023-03-01T17:09:36","guid":{"rendered":"https:\/\/marneantic.com\/?post_type=product&#038;p=18560"},"modified":"2023-03-01T18:17:10","modified_gmt":"2023-03-01T17:17:10","slug":"service-a-salade-ancien-en-ecrin-corne-et-argent","status":"publish","type":"product","link":"https:\/\/marneantic.com\/index.php\/produit\/service-a-salade-ancien-en-ecrin-corne-et-argent\/","title":{"rendered":"Service a salade ancien en \u00e9crin, corne et argent"},"content":{"rendered":"","protected":false},"excerpt":{"rendered":"<p><span style=\"font-family: Arial; font-size: large;\">\u00c9crin comprenant 1 service a salade en corne(bovin) manche corne \u00e9galement(bovin) et d\u00e9cor en argent, en tres bon \u00e9tat, \u00e9crin en bon \u00e9tat avec traces d&rsquo;usage<\/span><\/p>\n<div><span style=\"font-family: Arial; font-size: large;\">longueur fourchette:27.5cm<\/span><\/div>\n","protected":false},"featured_media":18565,"comment_status":"open","ping_status":"closed","template":"","meta":{"_et_pb_use_builder":"","_et_pb_old_content":"","_et_gb_content_width":""},"product_cat":[12,10,29],"product_tag":[],"_links":{"self":[{"href":"https:\/\/marneantic.com\/index.php\/wp-json\/wp\/v2\/product\/18560"}],"collection":[{"href":"https:\/\/marneantic.com\/index.php\/wp-json\/wp\/v2\/product"}],"about":[{"href":"https:\/\/marneantic.com\/index.php\/wp-json\/wp\/v2\/types\/product"}],"replies":[{"embeddable":true,"href":"https:\/\/marneantic.com\/index.php\/wp-json\/wp\/v2\/comments?post=18560"}],"wp:featuredmedia":[{"embeddable":true,"href":"https:\/\/marneantic.com\/index.php\/wp-json\/wp\/v2\/media\/18565"}],"wp:attachment":[{"href":"https:\/\/marneantic.com\/index.php\/wp-json\/wp\/v2\/media?parent=18560"}],"wp:term":[{"taxonomy":"product_cat","embeddable":true,"href":"https:\/\/marneantic.com\/index.php\/wp-json\/wp\/v2\/product_cat?post=18560"},{"taxonomy":"product_tag","embeddable":true,"href":"https:\/\/marneantic.com\/index.php\/wp-json\/wp\/v2\/product_tag?post=18560"}],"curies":[{"name":"wp","href":"https:\/\/api.w.org\/{rel}","templated":true}]}}