{"id":18606,"date":"2023-03-07T14:41:19","date_gmt":"2023-03-07T13:41:19","guid":{"rendered":"https:\/\/marneantic.com\/?post_type=product&#038;p=18606"},"modified":"2023-03-07T14:41:19","modified_gmt":"2023-03-07T13:41:19","slug":"enseigne-cafe-bar-annees-70-80","status":"publish","type":"product","link":"https:\/\/marneantic.com\/index.php\/produit\/enseigne-cafe-bar-annees-70-80\/","title":{"rendered":"Enseigne CAFE BAR ann\u00e9es 70\/80&prime;"},"content":{"rendered":"","protected":false},"excerpt":{"rendered":"<p>Enseigne publicitaire ancienne CAFE BAR en plastique, ann\u00e9es 70\/80&prime; en bon \u00e9tat<br \/>\nlongueur:160cm, peut \u00eatre recoup\u00e9e facilement plus pr\u00e8s du lettrage si besoin<br \/>\nhauteur:15.5cm<br \/>\n\u00e9paisseur:5mm<\/p>\n<p>pas d&rsquo;exp\u00e9dition postale pour cet article, remise en main propre domicile ou livraison possible en r\u00e9gion parisienne(conditions sur demande)<\/p>\n<p>Les produits propos\u00e9s dans notre boutique sont anciens, ils peuvent pr\u00e9sent\u00e9s des traces d\u2019usure, d&rsquo;usage ou rayures qui donnent au produit son caract\u00e8re et son authenticit\u00e9, ils sont pr\u00e9sent\u00e9s au mieux dans la description, \u00e0 travers photos et textes, merci de bien les regarder.<br \/>\nLes livraisons assur\u00e9es par nos soins se feront uniquement le samedi matin pour Paris et la petite couronne<\/p>\n","protected":false},"featured_media":18607,"comment_status":"open","ping_status":"closed","template":"","meta":{"_et_pb_use_builder":"","_et_pb_old_content":"","_et_gb_content_width":""},"product_cat":[15,16],"product_tag":[],"_links":{"self":[{"href":"https:\/\/marneantic.com\/index.php\/wp-json\/wp\/v2\/product\/18606"}],"collection":[{"href":"https:\/\/marneantic.com\/index.php\/wp-json\/wp\/v2\/product"}],"about":[{"href":"https:\/\/marneantic.com\/index.php\/wp-json\/wp\/v2\/types\/product"}],"replies":[{"embeddable":true,"href":"https:\/\/marneantic.com\/index.php\/wp-json\/wp\/v2\/comments?post=18606"}],"wp:featuredmedia":[{"embeddable":true,"href":"https:\/\/marneantic.com\/index.php\/wp-json\/wp\/v2\/media\/18607"}],"wp:attachment":[{"href":"https:\/\/marneantic.com\/index.php\/wp-json\/wp\/v2\/media?parent=18606"}],"wp:term":[{"taxonomy":"product_cat","embeddable":true,"href":"https:\/\/marneantic.com\/index.php\/wp-json\/wp\/v2\/product_cat?post=18606"},{"taxonomy":"product_tag","embeddable":true,"href":"https:\/\/marneantic.com\/index.php\/wp-json\/wp\/v2\/product_tag?post=18606"}],"curies":[{"name":"wp","href":"https:\/\/api.w.org\/{rel}","templated":true}]}}