{"id":18627,"date":"2023-03-08T14:48:29","date_gmt":"2023-03-08T13:48:29","guid":{"rendered":"https:\/\/marneantic.com\/?post_type=product&#038;p=18627"},"modified":"2024-01-27T17:26:32","modified_gmt":"2024-01-27T16:26:32","slug":"dessous-de-bouteille-art-deco-ancien-en-faience-anglaise","status":"publish","type":"product","link":"https:\/\/marneantic.com\/index.php\/produit\/dessous-de-bouteille-art-deco-ancien-en-faience-anglaise\/","title":{"rendered":"Dessous de bouteille art-d\u00e9co ancien en fa\u00efence Anglaise"},"content":{"rendered":"","protected":false},"excerpt":{"rendered":"<p>Dessous de bouteille art-d\u00e9co ancien en fa\u00efence Anglaise, en bon \u00e9tat<\/p>\n<div>dimensions:13.3&#215;13.3cm<\/div>\n<div>hauteur:1.3cm<\/div>\n","protected":false},"featured_media":18628,"comment_status":"closed","ping_status":"closed","template":"","meta":{"_et_pb_use_builder":"","_et_pb_old_content":"","_et_gb_content_width":""},"product_cat":[13,10,44],"product_tag":[],"_links":{"self":[{"href":"https:\/\/marneantic.com\/index.php\/wp-json\/wp\/v2\/product\/18627"}],"collection":[{"href":"https:\/\/marneantic.com\/index.php\/wp-json\/wp\/v2\/product"}],"about":[{"href":"https:\/\/marneantic.com\/index.php\/wp-json\/wp\/v2\/types\/product"}],"replies":[{"embeddable":true,"href":"https:\/\/marneantic.com\/index.php\/wp-json\/wp\/v2\/comments?post=18627"}],"wp:featuredmedia":[{"embeddable":true,"href":"https:\/\/marneantic.com\/index.php\/wp-json\/wp\/v2\/media\/18628"}],"wp:attachment":[{"href":"https:\/\/marneantic.com\/index.php\/wp-json\/wp\/v2\/media?parent=18627"}],"wp:term":[{"taxonomy":"product_cat","embeddable":true,"href":"https:\/\/marneantic.com\/index.php\/wp-json\/wp\/v2\/product_cat?post=18627"},{"taxonomy":"product_tag","embeddable":true,"href":"https:\/\/marneantic.com\/index.php\/wp-json\/wp\/v2\/product_tag?post=18627"}],"curies":[{"name":"wp","href":"https:\/\/api.w.org\/{rel}","templated":true}]}}