{"id":1864,"date":"2016-07-11T10:47:44","date_gmt":"2016-07-11T09:47:44","guid":{"rendered":"http:\/\/marneantic.com\/index.php\/produit\/pichet-a-lait-ancien-en-porcelaine\/"},"modified":"2016-10-17T15:52:59","modified_gmt":"2016-10-17T14:52:59","slug":"pichet-a-lait-ancien-en-porcelaine","status":"publish","type":"product","link":"https:\/\/marneantic.com\/index.php\/produit\/pichet-a-lait-ancien-en-porcelaine\/","title":{"rendered":"Pichet a lait ancien en porcelaine"},"content":{"rendered":"","protected":false},"excerpt":{"rendered":"<p>Pichet a lait ancien en porcelaine,d\u00e9cor floral rehauss\u00e9 a l&rsquo;\u00e9mail,poign\u00e9e facon bambou,en tr\u00e8s bon \u00e9tat,aucune marque de fabrique<\/p>\n","protected":false},"featured_media":1865,"comment_status":"closed","ping_status":"closed","template":"","meta":{"_et_pb_use_builder":"","_et_pb_old_content":"","_et_gb_content_width":""},"product_cat":[26,7],"product_tag":[],"_links":{"self":[{"href":"https:\/\/marneantic.com\/index.php\/wp-json\/wp\/v2\/product\/1864"}],"collection":[{"href":"https:\/\/marneantic.com\/index.php\/wp-json\/wp\/v2\/product"}],"about":[{"href":"https:\/\/marneantic.com\/index.php\/wp-json\/wp\/v2\/types\/product"}],"replies":[{"embeddable":true,"href":"https:\/\/marneantic.com\/index.php\/wp-json\/wp\/v2\/comments?post=1864"}],"wp:featuredmedia":[{"embeddable":true,"href":"https:\/\/marneantic.com\/index.php\/wp-json\/wp\/v2\/media\/1865"}],"wp:attachment":[{"href":"https:\/\/marneantic.com\/index.php\/wp-json\/wp\/v2\/media?parent=1864"}],"wp:term":[{"taxonomy":"product_cat","embeddable":true,"href":"https:\/\/marneantic.com\/index.php\/wp-json\/wp\/v2\/product_cat?post=1864"},{"taxonomy":"product_tag","embeddable":true,"href":"https:\/\/marneantic.com\/index.php\/wp-json\/wp\/v2\/product_tag?post=1864"}],"curies":[{"name":"wp","href":"https:\/\/api.w.org\/{rel}","templated":true}]}}