{"id":18744,"date":"2023-03-22T15:54:17","date_gmt":"2023-03-22T14:54:17","guid":{"rendered":"https:\/\/marneantic.com\/?post_type=product&#038;p=18744"},"modified":"2023-03-22T16:02:28","modified_gmt":"2023-03-22T15:02:28","slug":"paire-de-flutes-a-champagne-anciennes-bicolore","status":"publish","type":"product","link":"https:\/\/marneantic.com\/index.php\/produit\/paire-de-flutes-a-champagne-anciennes-bicolore\/","title":{"rendered":"Paire de flutes a champagne anciennes bicolore"},"content":{"rendered":"","protected":false},"excerpt":{"rendered":"<p>Paire de flutes a champagne anciennes bicolore, pieds couleur ambre, en tr\u00e8s bon \u00e9tat, une est l\u00e9g\u00e8rement plus haute<br \/>\nhauteur:16.3 et 16cm<br \/>\ndiametre:4.5cm<br \/>\ndiam\u00e8tre pied:6.5cm<\/p>\n","protected":false},"featured_media":18745,"comment_status":"open","ping_status":"closed","template":"","meta":{"_et_pb_use_builder":"","_et_pb_old_content":"","_et_gb_content_width":""},"product_cat":[11],"product_tag":[],"_links":{"self":[{"href":"https:\/\/marneantic.com\/index.php\/wp-json\/wp\/v2\/product\/18744"}],"collection":[{"href":"https:\/\/marneantic.com\/index.php\/wp-json\/wp\/v2\/product"}],"about":[{"href":"https:\/\/marneantic.com\/index.php\/wp-json\/wp\/v2\/types\/product"}],"replies":[{"embeddable":true,"href":"https:\/\/marneantic.com\/index.php\/wp-json\/wp\/v2\/comments?post=18744"}],"wp:featuredmedia":[{"embeddable":true,"href":"https:\/\/marneantic.com\/index.php\/wp-json\/wp\/v2\/media\/18745"}],"wp:attachment":[{"href":"https:\/\/marneantic.com\/index.php\/wp-json\/wp\/v2\/media?parent=18744"}],"wp:term":[{"taxonomy":"product_cat","embeddable":true,"href":"https:\/\/marneantic.com\/index.php\/wp-json\/wp\/v2\/product_cat?post=18744"},{"taxonomy":"product_tag","embeddable":true,"href":"https:\/\/marneantic.com\/index.php\/wp-json\/wp\/v2\/product_tag?post=18744"}],"curies":[{"name":"wp","href":"https:\/\/api.w.org\/{rel}","templated":true}]}}