{"id":18748,"date":"2023-03-22T16:08:56","date_gmt":"2023-03-22T15:08:56","guid":{"rendered":"https:\/\/marneantic.com\/?post_type=product&#038;p=18748"},"modified":"2023-03-22T16:21:12","modified_gmt":"2023-03-22T15:21:12","slug":"serie-de-6-pots-a-epices-anciens-en-tole-emaillee","status":"publish","type":"product","link":"https:\/\/marneantic.com\/index.php\/produit\/serie-de-6-pots-a-epices-anciens-en-tole-emaillee\/","title":{"rendered":"S\u00e9rie de 6 pots a \u00e9pices anciens en tole \u00e9maill\u00e9e"},"content":{"rendered":"","protected":false},"excerpt":{"rendered":"<p>belle S\u00e9rie de 6 pots a \u00e9pices anciens en tole \u00e9maill\u00e9e, en bon \u00e9tat(a signaler des \u00e9clats d&rsquo;\u00e9mail sur les poign\u00e9es et rebords)<br \/>\ndimensions du plus grand:diametre:12.7cm, hauteur:19cm<br \/>\ndu plus petit:diametre:7.8cm, hauteur:12.5cm<\/p>\n","protected":false},"featured_media":18749,"comment_status":"open","ping_status":"closed","template":"","meta":{"_et_pb_use_builder":"","_et_pb_old_content":"","_et_gb_content_width":""},"product_cat":[16],"product_tag":[],"_links":{"self":[{"href":"https:\/\/marneantic.com\/index.php\/wp-json\/wp\/v2\/product\/18748"}],"collection":[{"href":"https:\/\/marneantic.com\/index.php\/wp-json\/wp\/v2\/product"}],"about":[{"href":"https:\/\/marneantic.com\/index.php\/wp-json\/wp\/v2\/types\/product"}],"replies":[{"embeddable":true,"href":"https:\/\/marneantic.com\/index.php\/wp-json\/wp\/v2\/comments?post=18748"}],"wp:featuredmedia":[{"embeddable":true,"href":"https:\/\/marneantic.com\/index.php\/wp-json\/wp\/v2\/media\/18749"}],"wp:attachment":[{"href":"https:\/\/marneantic.com\/index.php\/wp-json\/wp\/v2\/media?parent=18748"}],"wp:term":[{"taxonomy":"product_cat","embeddable":true,"href":"https:\/\/marneantic.com\/index.php\/wp-json\/wp\/v2\/product_cat?post=18748"},{"taxonomy":"product_tag","embeddable":true,"href":"https:\/\/marneantic.com\/index.php\/wp-json\/wp\/v2\/product_tag?post=18748"}],"curies":[{"name":"wp","href":"https:\/\/api.w.org\/{rel}","templated":true}]}}