{"id":18752,"date":"2023-03-22T16:34:37","date_gmt":"2023-03-22T15:34:37","guid":{"rendered":"https:\/\/marneantic.com\/?post_type=product&#038;p=18752"},"modified":"2023-03-22T16:42:15","modified_gmt":"2023-03-22T15:42:15","slug":"vase-tripode-ancien-en-verre-moule","status":"publish","type":"product","link":"https:\/\/marneantic.com\/index.php\/produit\/vase-tripode-ancien-en-verre-moule\/","title":{"rendered":"Vase tripode ancien en verre moul\u00e9"},"content":{"rendered":"","protected":false},"excerpt":{"rendered":"<p>Vase tripode ancien en verre moul\u00e9, en bon \u00e9tat,hauteur:11.5cm,diametre:7cm, couleur ambre<\/p>\n","protected":false},"featured_media":18753,"comment_status":"open","ping_status":"closed","template":"","meta":{"_et_pb_use_builder":"","_et_pb_old_content":"","_et_gb_content_width":""},"product_cat":[14,8],"product_tag":[],"_links":{"self":[{"href":"https:\/\/marneantic.com\/index.php\/wp-json\/wp\/v2\/product\/18752"}],"collection":[{"href":"https:\/\/marneantic.com\/index.php\/wp-json\/wp\/v2\/product"}],"about":[{"href":"https:\/\/marneantic.com\/index.php\/wp-json\/wp\/v2\/types\/product"}],"replies":[{"embeddable":true,"href":"https:\/\/marneantic.com\/index.php\/wp-json\/wp\/v2\/comments?post=18752"}],"wp:featuredmedia":[{"embeddable":true,"href":"https:\/\/marneantic.com\/index.php\/wp-json\/wp\/v2\/media\/18753"}],"wp:attachment":[{"href":"https:\/\/marneantic.com\/index.php\/wp-json\/wp\/v2\/media?parent=18752"}],"wp:term":[{"taxonomy":"product_cat","embeddable":true,"href":"https:\/\/marneantic.com\/index.php\/wp-json\/wp\/v2\/product_cat?post=18752"},{"taxonomy":"product_tag","embeddable":true,"href":"https:\/\/marneantic.com\/index.php\/wp-json\/wp\/v2\/product_tag?post=18752"}],"curies":[{"name":"wp","href":"https:\/\/api.w.org\/{rel}","templated":true}]}}