{"id":18756,"date":"2023-03-22T16:44:31","date_gmt":"2023-03-22T15:44:31","guid":{"rendered":"https:\/\/marneantic.com\/?post_type=product&#038;p=18756"},"modified":"2023-03-22T16:51:24","modified_gmt":"2023-03-22T15:51:24","slug":"bonbonniere-ancienne-en-porcelaine-de-limoges","status":"publish","type":"product","link":"https:\/\/marneantic.com\/index.php\/produit\/bonbonniere-ancienne-en-porcelaine-de-limoges\/","title":{"rendered":"Bonbonni\u00e8re ancienne en porcelaine de Limoges"},"content":{"rendered":"","protected":false},"excerpt":{"rendered":"<p>Bonbonni\u00e8re ancienne en porcelaine de Limoges, manufacture Fontanille et Marraud vers 1950, d\u00e9cor romantique d&rsquo;apr\u00e8s Fragonard, en tr\u00e8s bon \u00e9tat,diametre:13cm,hauteur:6cm<\/p>\n","protected":false},"featured_media":18757,"comment_status":"closed","ping_status":"closed","template":"","meta":{"_et_pb_use_builder":"","_et_pb_old_content":"","_et_gb_content_width":""},"product_cat":[14],"product_tag":[],"_links":{"self":[{"href":"https:\/\/marneantic.com\/index.php\/wp-json\/wp\/v2\/product\/18756"}],"collection":[{"href":"https:\/\/marneantic.com\/index.php\/wp-json\/wp\/v2\/product"}],"about":[{"href":"https:\/\/marneantic.com\/index.php\/wp-json\/wp\/v2\/types\/product"}],"replies":[{"embeddable":true,"href":"https:\/\/marneantic.com\/index.php\/wp-json\/wp\/v2\/comments?post=18756"}],"wp:featuredmedia":[{"embeddable":true,"href":"https:\/\/marneantic.com\/index.php\/wp-json\/wp\/v2\/media\/18757"}],"wp:attachment":[{"href":"https:\/\/marneantic.com\/index.php\/wp-json\/wp\/v2\/media?parent=18756"}],"wp:term":[{"taxonomy":"product_cat","embeddable":true,"href":"https:\/\/marneantic.com\/index.php\/wp-json\/wp\/v2\/product_cat?post=18756"},{"taxonomy":"product_tag","embeddable":true,"href":"https:\/\/marneantic.com\/index.php\/wp-json\/wp\/v2\/product_tag?post=18756"}],"curies":[{"name":"wp","href":"https:\/\/api.w.org\/{rel}","templated":true}]}}