{"id":18940,"date":"2023-04-06T18:16:18","date_gmt":"2023-04-06T17:16:18","guid":{"rendered":"https:\/\/marneantic.com\/?post_type=product&#038;p=18940"},"modified":"2023-04-06T18:16:18","modified_gmt":"2023-04-06T17:16:18","slug":"necessaire-de-bureau-ancien-en-bakelite-bicolore-en-ecrin","status":"publish","type":"product","link":"https:\/\/marneantic.com\/index.php\/produit\/necessaire-de-bureau-ancien-en-bakelite-bicolore-en-ecrin\/","title":{"rendered":"N\u00e9cessaire de bureau ancien en bak\u00e9lite bicolore, en \u00e9crin"},"content":{"rendered":"","protected":false},"excerpt":{"rendered":"<p><span style=\"color: #666666;\">N\u00e9cessaire de bureau ancien en bak\u00e9lite bicolore, en \u00e9crin, comprenant:<\/span><\/p>\n<div>1 coupe papier &#8211; longueur:20.2cm, bon \u00e9tat<\/div>\n<div>1 porte-plume &#8211; longueur:14.5cm sans la plume, bon \u00e9tat<\/div>\n<div>1porte-mine &#8211; longueur:10cm, manque un petit morceau de bak\u00e9lite a l&rsquo;extr\u00e9mit\u00e9<\/div>\n<div>1 sceau\/cachet vierge &#8211; longueur:7.2cm, bon \u00e9tat<\/div>\n<div>\u00e9crin en bon \u00e9tat<\/div>\n","protected":false},"featured_media":18943,"comment_status":"open","ping_status":"closed","template":"","meta":{"_et_pb_use_builder":"","_et_pb_old_content":"","_et_gb_content_width":""},"product_cat":[44,14,8],"product_tag":[],"_links":{"self":[{"href":"https:\/\/marneantic.com\/index.php\/wp-json\/wp\/v2\/product\/18940"}],"collection":[{"href":"https:\/\/marneantic.com\/index.php\/wp-json\/wp\/v2\/product"}],"about":[{"href":"https:\/\/marneantic.com\/index.php\/wp-json\/wp\/v2\/types\/product"}],"replies":[{"embeddable":true,"href":"https:\/\/marneantic.com\/index.php\/wp-json\/wp\/v2\/comments?post=18940"}],"wp:featuredmedia":[{"embeddable":true,"href":"https:\/\/marneantic.com\/index.php\/wp-json\/wp\/v2\/media\/18943"}],"wp:attachment":[{"href":"https:\/\/marneantic.com\/index.php\/wp-json\/wp\/v2\/media?parent=18940"}],"wp:term":[{"taxonomy":"product_cat","embeddable":true,"href":"https:\/\/marneantic.com\/index.php\/wp-json\/wp\/v2\/product_cat?post=18940"},{"taxonomy":"product_tag","embeddable":true,"href":"https:\/\/marneantic.com\/index.php\/wp-json\/wp\/v2\/product_tag?post=18940"}],"curies":[{"name":"wp","href":"https:\/\/api.w.org\/{rel}","templated":true}]}}