{"id":1901,"date":"2016-07-16T16:39:21","date_gmt":"2016-07-16T15:39:21","guid":{"rendered":"http:\/\/marneantic.com\/index.php\/produit\/tasse-a-the-ancienne-en-porcelaineparis\/"},"modified":"2021-06-13T09:42:50","modified_gmt":"2021-06-13T08:42:50","slug":"tasse-a-the-ancienne-en-porcelaineparis","status":"publish","type":"product","link":"https:\/\/marneantic.com\/index.php\/produit\/tasse-a-the-ancienne-en-porcelaineparis\/","title":{"rendered":"Tasse \u00e0 th\u00e9 ancienne en porcelaine(Paris)"},"content":{"rendered":"","protected":false},"excerpt":{"rendered":"<p>Belle tasse \u00e0 th\u00e9 ancienne en porcelaine,probablement paris fin 19eme,d\u00e9cor floral peint main,aucun marquage au dessous,tasse diametre:8.5cm,hauteur:5.5cm,soucoupe diametre:14cm<\/p>\n","protected":false},"featured_media":1902,"comment_status":"closed","ping_status":"closed","template":"","meta":{"_et_pb_use_builder":"","_et_pb_old_content":"","_et_gb_content_width":""},"product_cat":[26,7],"product_tag":[],"_links":{"self":[{"href":"https:\/\/marneantic.com\/index.php\/wp-json\/wp\/v2\/product\/1901"}],"collection":[{"href":"https:\/\/marneantic.com\/index.php\/wp-json\/wp\/v2\/product"}],"about":[{"href":"https:\/\/marneantic.com\/index.php\/wp-json\/wp\/v2\/types\/product"}],"replies":[{"embeddable":true,"href":"https:\/\/marneantic.com\/index.php\/wp-json\/wp\/v2\/comments?post=1901"}],"wp:featuredmedia":[{"embeddable":true,"href":"https:\/\/marneantic.com\/index.php\/wp-json\/wp\/v2\/media\/1902"}],"wp:attachment":[{"href":"https:\/\/marneantic.com\/index.php\/wp-json\/wp\/v2\/media?parent=1901"}],"wp:term":[{"taxonomy":"product_cat","embeddable":true,"href":"https:\/\/marneantic.com\/index.php\/wp-json\/wp\/v2\/product_cat?post=1901"},{"taxonomy":"product_tag","embeddable":true,"href":"https:\/\/marneantic.com\/index.php\/wp-json\/wp\/v2\/product_tag?post=1901"}],"curies":[{"name":"wp","href":"https:\/\/api.w.org\/{rel}","templated":true}]}}