{"id":19064,"date":"2023-04-19T15:03:05","date_gmt":"2023-04-19T14:03:05","guid":{"rendered":"https:\/\/marneantic.com\/?post_type=product&#038;p=19064"},"modified":"2023-04-19T15:14:29","modified_gmt":"2023-04-19T14:14:29","slug":"applique-double-vintage-annees-50-60","status":"publish","type":"product","link":"https:\/\/marneantic.com\/index.php\/produit\/applique-double-vintage-annees-50-60\/","title":{"rendered":"Applique double vintage ann\u00e9es 50\/60&prime;"},"content":{"rendered":"","protected":false},"excerpt":{"rendered":"<p>Applique double vintage ann\u00e9es 50\/60&prime; en m\u00e9tal dor\u00e9 et noir mat, luminaire en verre, en tr\u00e8s bon \u00e9tat, \u00e9lectricit\u00e9 test\u00e9e, hauteur totale:26cm,largeur.30cm,profondeur au mur:12.5cm,fournie sans ampoules<\/p>\n<p>&nbsp;<\/p>\n","protected":false},"featured_media":19065,"comment_status":"closed","ping_status":"closed","template":"","meta":{"_et_pb_use_builder":"","_et_pb_old_content":"","_et_gb_content_width":""},"product_cat":[24,16],"product_tag":[],"_links":{"self":[{"href":"https:\/\/marneantic.com\/index.php\/wp-json\/wp\/v2\/product\/19064"}],"collection":[{"href":"https:\/\/marneantic.com\/index.php\/wp-json\/wp\/v2\/product"}],"about":[{"href":"https:\/\/marneantic.com\/index.php\/wp-json\/wp\/v2\/types\/product"}],"replies":[{"embeddable":true,"href":"https:\/\/marneantic.com\/index.php\/wp-json\/wp\/v2\/comments?post=19064"}],"wp:featuredmedia":[{"embeddable":true,"href":"https:\/\/marneantic.com\/index.php\/wp-json\/wp\/v2\/media\/19065"}],"wp:attachment":[{"href":"https:\/\/marneantic.com\/index.php\/wp-json\/wp\/v2\/media?parent=19064"}],"wp:term":[{"taxonomy":"product_cat","embeddable":true,"href":"https:\/\/marneantic.com\/index.php\/wp-json\/wp\/v2\/product_cat?post=19064"},{"taxonomy":"product_tag","embeddable":true,"href":"https:\/\/marneantic.com\/index.php\/wp-json\/wp\/v2\/product_tag?post=19064"}],"curies":[{"name":"wp","href":"https:\/\/api.w.org\/{rel}","templated":true}]}}