{"id":19144,"date":"2023-04-22T16:16:26","date_gmt":"2023-04-22T15:16:26","guid":{"rendered":"https:\/\/marneantic.com\/?post_type=product&#038;p=19144"},"modified":"2023-04-22T16:22:40","modified_gmt":"2023-04-22T15:22:40","slug":"saliere-double-ancienne-en-porcelaine","status":"publish","type":"product","link":"https:\/\/marneantic.com\/index.php\/produit\/saliere-double-ancienne-en-porcelaine\/","title":{"rendered":"Sali\u00e8re double ancienne en porcelaine"},"content":{"rendered":"","protected":false},"excerpt":{"rendered":"<p>sali\u00e8re double ancienne en porcelaine a d\u00e9cor floral, en bon \u00e9tat,longueur:10.3cm,largeur:5cm,hauteur:4.8cm<\/p>\n","protected":false},"featured_media":19145,"comment_status":"closed","ping_status":"closed","template":"","meta":{"_et_pb_use_builder":"","_et_pb_old_content":"","_et_gb_content_width":""},"product_cat":[13,10],"product_tag":[],"_links":{"self":[{"href":"https:\/\/marneantic.com\/index.php\/wp-json\/wp\/v2\/product\/19144"}],"collection":[{"href":"https:\/\/marneantic.com\/index.php\/wp-json\/wp\/v2\/product"}],"about":[{"href":"https:\/\/marneantic.com\/index.php\/wp-json\/wp\/v2\/types\/product"}],"replies":[{"embeddable":true,"href":"https:\/\/marneantic.com\/index.php\/wp-json\/wp\/v2\/comments?post=19144"}],"wp:featuredmedia":[{"embeddable":true,"href":"https:\/\/marneantic.com\/index.php\/wp-json\/wp\/v2\/media\/19145"}],"wp:attachment":[{"href":"https:\/\/marneantic.com\/index.php\/wp-json\/wp\/v2\/media?parent=19144"}],"wp:term":[{"taxonomy":"product_cat","embeddable":true,"href":"https:\/\/marneantic.com\/index.php\/wp-json\/wp\/v2\/product_cat?post=19144"},{"taxonomy":"product_tag","embeddable":true,"href":"https:\/\/marneantic.com\/index.php\/wp-json\/wp\/v2\/product_tag?post=19144"}],"curies":[{"name":"wp","href":"https:\/\/api.w.org\/{rel}","templated":true}]}}