{"id":19154,"date":"2023-04-23T16:30:27","date_gmt":"2023-04-23T15:30:27","guid":{"rendered":"https:\/\/marneantic.com\/?post_type=product&#038;p=19154"},"modified":"2023-04-23T16:36:25","modified_gmt":"2023-04-23T15:36:25","slug":"pince-a-sucre-ancienne-en-metal-argente-8","status":"publish","type":"product","link":"https:\/\/marneantic.com\/index.php\/produit\/pince-a-sucre-ancienne-en-metal-argente-8\/","title":{"rendered":"Pince a sucre ancienne en m\u00e9tal argent\u00e9"},"content":{"rendered":"","protected":false},"excerpt":{"rendered":"<p>Pince a sucre ancienne en m\u00e9tal argent\u00e9 poin\u00e7onn\u00e9, d\u00e9cor pattes de lions et m\u00e9daillons vierges, en bon \u00e9tat ,longueur:14.5cm<\/p>\n","protected":false},"featured_media":19155,"comment_status":"closed","ping_status":"closed","template":"","meta":{"_et_pb_use_builder":"","_et_pb_old_content":"","_et_gb_content_width":""},"product_cat":[12,10,29],"product_tag":[],"_links":{"self":[{"href":"https:\/\/marneantic.com\/index.php\/wp-json\/wp\/v2\/product\/19154"}],"collection":[{"href":"https:\/\/marneantic.com\/index.php\/wp-json\/wp\/v2\/product"}],"about":[{"href":"https:\/\/marneantic.com\/index.php\/wp-json\/wp\/v2\/types\/product"}],"replies":[{"embeddable":true,"href":"https:\/\/marneantic.com\/index.php\/wp-json\/wp\/v2\/comments?post=19154"}],"wp:featuredmedia":[{"embeddable":true,"href":"https:\/\/marneantic.com\/index.php\/wp-json\/wp\/v2\/media\/19155"}],"wp:attachment":[{"href":"https:\/\/marneantic.com\/index.php\/wp-json\/wp\/v2\/media?parent=19154"}],"wp:term":[{"taxonomy":"product_cat","embeddable":true,"href":"https:\/\/marneantic.com\/index.php\/wp-json\/wp\/v2\/product_cat?post=19154"},{"taxonomy":"product_tag","embeddable":true,"href":"https:\/\/marneantic.com\/index.php\/wp-json\/wp\/v2\/product_tag?post=19154"}],"curies":[{"name":"wp","href":"https:\/\/api.w.org\/{rel}","templated":true}]}}