{"id":19193,"date":"2023-04-24T15:29:10","date_gmt":"2023-04-24T14:29:10","guid":{"rendered":"https:\/\/marneantic.com\/?post_type=product&#038;p=19193"},"modified":"2023-04-24T15:37:56","modified_gmt":"2023-04-24T14:37:56","slug":"encrier-ancien-en-verre-vallerysthal","status":"publish","type":"product","link":"https:\/\/marneantic.com\/index.php\/produit\/encrier-ancien-en-verre-vallerysthal\/","title":{"rendered":"Encrier ancien en verre VALLERYSTHAL"},"content":{"rendered":"","protected":false},"excerpt":{"rendered":"<p>Encrier ancien en verre de Vallerysthal avec couvercle en \u00e9tain, en tr\u00e8s bon \u00e9tat, le porte-plume est donn\u00e9 avec l&rsquo;encrier<br \/>\nDimensions : 12.3 cm x 11.3 cm, hauteur : 7 cm.<\/p>\n","protected":false},"featured_media":19194,"comment_status":"open","ping_status":"closed","template":"","meta":{"_et_pb_use_builder":"","_et_pb_old_content":"","_et_gb_content_width":""},"product_cat":[14,8],"product_tag":[],"_links":{"self":[{"href":"https:\/\/marneantic.com\/index.php\/wp-json\/wp\/v2\/product\/19193"}],"collection":[{"href":"https:\/\/marneantic.com\/index.php\/wp-json\/wp\/v2\/product"}],"about":[{"href":"https:\/\/marneantic.com\/index.php\/wp-json\/wp\/v2\/types\/product"}],"replies":[{"embeddable":true,"href":"https:\/\/marneantic.com\/index.php\/wp-json\/wp\/v2\/comments?post=19193"}],"wp:featuredmedia":[{"embeddable":true,"href":"https:\/\/marneantic.com\/index.php\/wp-json\/wp\/v2\/media\/19194"}],"wp:attachment":[{"href":"https:\/\/marneantic.com\/index.php\/wp-json\/wp\/v2\/media?parent=19193"}],"wp:term":[{"taxonomy":"product_cat","embeddable":true,"href":"https:\/\/marneantic.com\/index.php\/wp-json\/wp\/v2\/product_cat?post=19193"},{"taxonomy":"product_tag","embeddable":true,"href":"https:\/\/marneantic.com\/index.php\/wp-json\/wp\/v2\/product_tag?post=19193"}],"curies":[{"name":"wp","href":"https:\/\/api.w.org\/{rel}","templated":true}]}}