{"id":1925,"date":"2016-07-20T14:32:47","date_gmt":"2016-07-20T13:32:47","guid":{"rendered":"http:\/\/marneantic.com\/index.php\/produit\/tasse-a-cafe-ancienne-en-porcelaine-6\/"},"modified":"2026-03-01T21:25:50","modified_gmt":"2026-03-01T20:25:50","slug":"tasse-a-cafe-ancienne-en-porcelaine-6","status":"publish","type":"product","link":"https:\/\/marneantic.com\/index.php\/produit\/tasse-a-cafe-ancienne-en-porcelaine-6\/","title":{"rendered":"Tasse \u00e0 caf\u00e9 ancienne en porcelaine"},"content":{"rendered":"","protected":false},"excerpt":{"rendered":"<p>Belle tasse \u00e0 caf\u00e9 ancienne en porcelaine,d\u00e9cor floral,provenance\u00a0\u00bbmagasin aux lions de faience,paris rue de rivoli\u00a0\u00bb,tasse diametre:6cm,hauteur:6.2cm,soucoupe diametre:13cm<\/p>\n","protected":false},"featured_media":1926,"comment_status":"closed","ping_status":"closed","template":"","meta":{"_et_pb_use_builder":"","_et_pb_old_content":"","_et_gb_content_width":""},"product_cat":[26,7],"product_tag":[],"_links":{"self":[{"href":"https:\/\/marneantic.com\/index.php\/wp-json\/wp\/v2\/product\/1925"}],"collection":[{"href":"https:\/\/marneantic.com\/index.php\/wp-json\/wp\/v2\/product"}],"about":[{"href":"https:\/\/marneantic.com\/index.php\/wp-json\/wp\/v2\/types\/product"}],"replies":[{"embeddable":true,"href":"https:\/\/marneantic.com\/index.php\/wp-json\/wp\/v2\/comments?post=1925"}],"wp:featuredmedia":[{"embeddable":true,"href":"https:\/\/marneantic.com\/index.php\/wp-json\/wp\/v2\/media\/1926"}],"wp:attachment":[{"href":"https:\/\/marneantic.com\/index.php\/wp-json\/wp\/v2\/media?parent=1925"}],"wp:term":[{"taxonomy":"product_cat","embeddable":true,"href":"https:\/\/marneantic.com\/index.php\/wp-json\/wp\/v2\/product_cat?post=1925"},{"taxonomy":"product_tag","embeddable":true,"href":"https:\/\/marneantic.com\/index.php\/wp-json\/wp\/v2\/product_tag?post=1925"}],"curies":[{"name":"wp","href":"https:\/\/api.w.org\/{rel}","templated":true}]}}