{"id":1932,"date":"2016-07-21T16:04:04","date_gmt":"2016-07-21T15:04:04","guid":{"rendered":"http:\/\/marneantic.com\/index.php\/produit\/tasse-a-cafe-en-porcelaine-de-baviere\/"},"modified":"2022-09-30T22:03:16","modified_gmt":"2022-09-30T21:03:16","slug":"tasse-a-cafe-en-porcelaine-de-baviere","status":"publish","type":"product","link":"https:\/\/marneantic.com\/index.php\/produit\/tasse-a-cafe-en-porcelaine-de-baviere\/","title":{"rendered":"Tasse \u00e0 caf\u00e9 en porcelaine de Bavi\u00e8re"},"content":{"rendered":"","protected":false},"excerpt":{"rendered":"<p>Belle tasse \u00e0 caf\u00e9 ancienne en porcelaine de baviere\u00a0\u00bbHERMANN\u00a0\u00bb,d\u00e9cor floral et g\u00e9ometrique,en tres bon \u00e9tat,tasse diametre:5cm,hauteur:5.3cm,soucoupe \u00a0diametre:11cm<\/p>\n","protected":false},"featured_media":1934,"comment_status":"closed","ping_status":"closed","template":"","meta":{"_et_pb_use_builder":"","_et_pb_old_content":"","_et_gb_content_width":""},"product_cat":[26,7],"product_tag":[],"_links":{"self":[{"href":"https:\/\/marneantic.com\/index.php\/wp-json\/wp\/v2\/product\/1932"}],"collection":[{"href":"https:\/\/marneantic.com\/index.php\/wp-json\/wp\/v2\/product"}],"about":[{"href":"https:\/\/marneantic.com\/index.php\/wp-json\/wp\/v2\/types\/product"}],"replies":[{"embeddable":true,"href":"https:\/\/marneantic.com\/index.php\/wp-json\/wp\/v2\/comments?post=1932"}],"wp:featuredmedia":[{"embeddable":true,"href":"https:\/\/marneantic.com\/index.php\/wp-json\/wp\/v2\/media\/1934"}],"wp:attachment":[{"href":"https:\/\/marneantic.com\/index.php\/wp-json\/wp\/v2\/media?parent=1932"}],"wp:term":[{"taxonomy":"product_cat","embeddable":true,"href":"https:\/\/marneantic.com\/index.php\/wp-json\/wp\/v2\/product_cat?post=1932"},{"taxonomy":"product_tag","embeddable":true,"href":"https:\/\/marneantic.com\/index.php\/wp-json\/wp\/v2\/product_tag?post=1932"}],"curies":[{"name":"wp","href":"https:\/\/api.w.org\/{rel}","templated":true}]}}