{"id":19434,"date":"2023-05-25T10:58:10","date_gmt":"2023-05-25T09:58:10","guid":{"rendered":"https:\/\/marneantic.com\/?post_type=product&#038;p=19434"},"modified":"2023-05-25T11:08:46","modified_gmt":"2023-05-25T10:08:46","slug":"lampe-de-bureau-ancienne-type-mazda","status":"publish","type":"product","link":"https:\/\/marneantic.com\/index.php\/produit\/lampe-de-bureau-ancienne-type-mazda\/","title":{"rendered":"Lampe de bureau ancienne type MAZDA"},"content":{"rendered":"","protected":false},"excerpt":{"rendered":"<p>Lampe de bureau ancienne type MAZDA en tr\u00e8s bon \u00e9tat ext\u00e9rieur et de fonctionnement, interrupteur au socle, coupole en opaline blanche<br \/>\nhauteur totale:62cm<br \/>\ndiam\u00e8tre coupole:20cm<br \/>\nLes produits propos\u00e9s dans notre boutique sont anciens, ils peuvent pr\u00e9sent\u00e9s des traces d\u2019usure, d&rsquo;usage ou rayures qui donnent au produit son caract\u00e8re et son authenticit\u00e9, ils sont pr\u00e9sent\u00e9s au mieux dans la description, \u00e0 travers photos et textes, merci de bien les regarder.<\/p>\n","protected":false},"featured_media":19435,"comment_status":"closed","ping_status":"closed","template":"","meta":{"_et_pb_use_builder":"","_et_pb_old_content":"","_et_gb_content_width":""},"product_cat":[24],"product_tag":[],"_links":{"self":[{"href":"https:\/\/marneantic.com\/index.php\/wp-json\/wp\/v2\/product\/19434"}],"collection":[{"href":"https:\/\/marneantic.com\/index.php\/wp-json\/wp\/v2\/product"}],"about":[{"href":"https:\/\/marneantic.com\/index.php\/wp-json\/wp\/v2\/types\/product"}],"replies":[{"embeddable":true,"href":"https:\/\/marneantic.com\/index.php\/wp-json\/wp\/v2\/comments?post=19434"}],"wp:featuredmedia":[{"embeddable":true,"href":"https:\/\/marneantic.com\/index.php\/wp-json\/wp\/v2\/media\/19435"}],"wp:attachment":[{"href":"https:\/\/marneantic.com\/index.php\/wp-json\/wp\/v2\/media?parent=19434"}],"wp:term":[{"taxonomy":"product_cat","embeddable":true,"href":"https:\/\/marneantic.com\/index.php\/wp-json\/wp\/v2\/product_cat?post=19434"},{"taxonomy":"product_tag","embeddable":true,"href":"https:\/\/marneantic.com\/index.php\/wp-json\/wp\/v2\/product_tag?post=19434"}],"curies":[{"name":"wp","href":"https:\/\/api.w.org\/{rel}","templated":true}]}}