{"id":19552,"date":"2023-05-30T13:35:37","date_gmt":"2023-05-30T12:35:37","guid":{"rendered":"https:\/\/marneantic.com\/?post_type=product&#038;p=19552"},"modified":"2023-05-30T13:42:03","modified_gmt":"2023-05-30T12:42:03","slug":"coupe-a-champagne-ancienne-5","status":"publish","type":"product","link":"https:\/\/marneantic.com\/index.php\/produit\/coupe-a-champagne-ancienne-5\/","title":{"rendered":"Coupe a champagne ancienne"},"content":{"rendered":"","protected":false},"excerpt":{"rendered":"<p>Coupe a champagne ancienne, d\u00e9cor a 15 facettes, en bon \u00e9tat,hauteur:10.5cm, diam\u00e8tre du buvant:9.9cm, diam\u00e8tre du pied:7.7cm<\/p>\n","protected":false},"featured_media":19553,"comment_status":"closed","ping_status":"closed","template":"","meta":{"_et_pb_use_builder":"","_et_pb_old_content":"","_et_gb_content_width":""},"product_cat":[10,11],"product_tag":[],"_links":{"self":[{"href":"https:\/\/marneantic.com\/index.php\/wp-json\/wp\/v2\/product\/19552"}],"collection":[{"href":"https:\/\/marneantic.com\/index.php\/wp-json\/wp\/v2\/product"}],"about":[{"href":"https:\/\/marneantic.com\/index.php\/wp-json\/wp\/v2\/types\/product"}],"replies":[{"embeddable":true,"href":"https:\/\/marneantic.com\/index.php\/wp-json\/wp\/v2\/comments?post=19552"}],"wp:featuredmedia":[{"embeddable":true,"href":"https:\/\/marneantic.com\/index.php\/wp-json\/wp\/v2\/media\/19553"}],"wp:attachment":[{"href":"https:\/\/marneantic.com\/index.php\/wp-json\/wp\/v2\/media?parent=19552"}],"wp:term":[{"taxonomy":"product_cat","embeddable":true,"href":"https:\/\/marneantic.com\/index.php\/wp-json\/wp\/v2\/product_cat?post=19552"},{"taxonomy":"product_tag","embeddable":true,"href":"https:\/\/marneantic.com\/index.php\/wp-json\/wp\/v2\/product_tag?post=19552"}],"curies":[{"name":"wp","href":"https:\/\/api.w.org\/{rel}","templated":true}]}}