{"id":19613,"date":"2023-06-01T17:19:38","date_gmt":"2023-06-01T16:19:38","guid":{"rendered":"https:\/\/marneantic.com\/?post_type=product&#038;p=19613"},"modified":"2023-12-29T08:15:34","modified_gmt":"2023-12-29T07:15:34","slug":"bureau-a-gradin-ancien-en-bois-2","status":"publish","type":"product","link":"https:\/\/marneantic.com\/index.php\/produit\/bureau-a-gradin-ancien-en-bois-2\/","title":{"rendered":"Bureau a gradin ancien en bois"},"content":{"rendered":"","protected":false},"excerpt":{"rendered":"<p>beau bureau ancien en bois en bon \u00e9tat,2 tiroirs, un avec fermeture qui fonctionne et cl\u00e9 et l&rsquo;autre avec poign\u00e9e, la serrure centrale est factice, la partie haute est amovible<br \/>\nlargeur:123.5cm<br \/>\nprofondeur:73.5cm<br \/>\nhauteur au plateau:75cm<br \/>\nhauteur au gradin:111cm<br \/>\nhauteur passage de jambes:57cm<br \/>\nLes produits propos\u00e9s dans notre boutique sont anciens, ils peuvent pr\u00e9sent\u00e9s des traces d\u2019usure, d&rsquo;usage ou rayures qui donnent au produit son caract\u00e8re et son authenticit\u00e9, ils sont pr\u00e9sent\u00e9s au mieux dans la description, \u00e0 travers photos et textes, merci de bien les regarder.<br \/>\nLes livraisons assur\u00e9es par nos soins se feront uniquement le samedi matin pour Paris et la petite couronne<\/p>\n<p>pas d&rsquo;exp\u00e9dition postale pour cet article, remise en main propre domicile ou livraison possible en r\u00e9gion parisienne(conditions sur demande)<\/p>\n","protected":false},"featured_media":19614,"comment_status":"open","ping_status":"closed","template":"","meta":{"_et_pb_use_builder":"","_et_pb_old_content":"","_et_gb_content_width":""},"product_cat":[31,16],"product_tag":[],"_links":{"self":[{"href":"https:\/\/marneantic.com\/index.php\/wp-json\/wp\/v2\/product\/19613"}],"collection":[{"href":"https:\/\/marneantic.com\/index.php\/wp-json\/wp\/v2\/product"}],"about":[{"href":"https:\/\/marneantic.com\/index.php\/wp-json\/wp\/v2\/types\/product"}],"replies":[{"embeddable":true,"href":"https:\/\/marneantic.com\/index.php\/wp-json\/wp\/v2\/comments?post=19613"}],"wp:featuredmedia":[{"embeddable":true,"href":"https:\/\/marneantic.com\/index.php\/wp-json\/wp\/v2\/media\/19614"}],"wp:attachment":[{"href":"https:\/\/marneantic.com\/index.php\/wp-json\/wp\/v2\/media?parent=19613"}],"wp:term":[{"taxonomy":"product_cat","embeddable":true,"href":"https:\/\/marneantic.com\/index.php\/wp-json\/wp\/v2\/product_cat?post=19613"},{"taxonomy":"product_tag","embeddable":true,"href":"https:\/\/marneantic.com\/index.php\/wp-json\/wp\/v2\/product_tag?post=19613"}],"curies":[{"name":"wp","href":"https:\/\/api.w.org\/{rel}","templated":true}]}}