{"id":19622,"date":"2023-06-01T17:44:33","date_gmt":"2023-06-01T16:44:33","guid":{"rendered":"https:\/\/marneantic.com\/?post_type=product&#038;p=19622"},"modified":"2023-06-01T17:51:29","modified_gmt":"2023-06-01T16:51:29","slug":"petit-bureau-ancien-en-bois-2","status":"publish","type":"product","link":"https:\/\/marneantic.com\/index.php\/produit\/petit-bureau-ancien-en-bois-2\/","title":{"rendered":"Petit bureau ancien en bois"},"content":{"rendered":"","protected":false},"excerpt":{"rendered":"<p>bureau ancien en bois en bon \u00e9tat, joli travail du bois, a signaler un petit \u00e9clat sur un angle du plateau et sur un cot\u00e9(peu visible,voir photos)<br \/>\nhauteur plateau:76cm<br \/>\nhauteur passage des jambes:64.5cm<br \/>\nlargeur:100.5cm<br \/>\nprofondeur:59cm<br \/>\nLes produits propos\u00e9s dans notre boutique sont anciens, ils peuvent pr\u00e9sent\u00e9s des traces d\u2019usure, d&rsquo;usage ou rayures qui donnent au produit son caract\u00e8re et son authenticit\u00e9, ils sont pr\u00e9sent\u00e9s au mieux dans la description, \u00e0 travers photos et textes, merci de bien les regarder.<br \/>\nLes livraisons assur\u00e9es par nos soins se feront uniquement le samedi matin pour Paris et la petite couronne<\/p>\n<p>pas d&rsquo;exp\u00e9dition postale pour cet article, remise en main propre domicile ou livraison possible en r\u00e9gion parisienne(conditions sur demande)<\/p>\n","protected":false},"featured_media":19623,"comment_status":"open","ping_status":"closed","template":"","meta":{"_et_pb_use_builder":"","_et_pb_old_content":"","_et_gb_content_width":""},"product_cat":[31,16],"product_tag":[],"_links":{"self":[{"href":"https:\/\/marneantic.com\/index.php\/wp-json\/wp\/v2\/product\/19622"}],"collection":[{"href":"https:\/\/marneantic.com\/index.php\/wp-json\/wp\/v2\/product"}],"about":[{"href":"https:\/\/marneantic.com\/index.php\/wp-json\/wp\/v2\/types\/product"}],"replies":[{"embeddable":true,"href":"https:\/\/marneantic.com\/index.php\/wp-json\/wp\/v2\/comments?post=19622"}],"wp:featuredmedia":[{"embeddable":true,"href":"https:\/\/marneantic.com\/index.php\/wp-json\/wp\/v2\/media\/19623"}],"wp:attachment":[{"href":"https:\/\/marneantic.com\/index.php\/wp-json\/wp\/v2\/media?parent=19622"}],"wp:term":[{"taxonomy":"product_cat","embeddable":true,"href":"https:\/\/marneantic.com\/index.php\/wp-json\/wp\/v2\/product_cat?post=19622"},{"taxonomy":"product_tag","embeddable":true,"href":"https:\/\/marneantic.com\/index.php\/wp-json\/wp\/v2\/product_tag?post=19622"}],"curies":[{"name":"wp","href":"https:\/\/api.w.org\/{rel}","templated":true}]}}