{"id":19647,"date":"2023-06-06T15:27:52","date_gmt":"2023-06-06T14:27:52","guid":{"rendered":"https:\/\/marneantic.com\/?post_type=product&#038;p=19647"},"modified":"2023-06-06T15:30:16","modified_gmt":"2023-06-06T14:30:16","slug":"baccarat-verre-gobelet-ancien-en-cristal-emaille-monogramme-s","status":"publish","type":"product","link":"https:\/\/marneantic.com\/index.php\/produit\/baccarat-verre-gobelet-ancien-en-cristal-emaille-monogramme-s\/","title":{"rendered":"BACCARAT: verre gobelet ancien en cristal, \u00e9maill\u00e9, monogramm\u00e9 S"},"content":{"rendered":"","protected":false},"excerpt":{"rendered":"<p><span style=\"font-size: large;\"><span style=\"font-family: Arial;\">BACCARAT: verre gobelet ancien en cristal, \u00e9maill\u00e9, monogramm\u00e9 S\u00a0(non estampill\u00e9 car trop ancien, pr\u00e9sent au catalogue 1907\/1908, page 59, forme am\u00e9ricaine sur une taille 7743)\u00a0<\/span><\/span><\/p>\n<div><span style=\"font-size: large;\"><span style=\"font-family: Arial;\">en bon \u00e9tat, traces de rayures et une micro \u00e9grenure sur le rebord, trop petite pour une photo, le rebord \u00e9tait dor\u00e9 mais la dorure a presque compl\u00e8tement disparue<\/span><\/span><\/div>\n<div><span style=\"font-size: large;\"><span style=\"font-family: Arial;\">hauteur:10cm<\/span><\/span><\/div>\n<div><span style=\"font-size: large;\"><span style=\"font-family: Arial;\">diametre:6.6cm<\/span><\/span><\/div>\n","protected":false},"featured_media":19648,"comment_status":"closed","ping_status":"closed","template":"","meta":{"_et_pb_use_builder":"","_et_pb_old_content":"","_et_gb_content_width":""},"product_cat":[10,14,11],"product_tag":[],"_links":{"self":[{"href":"https:\/\/marneantic.com\/index.php\/wp-json\/wp\/v2\/product\/19647"}],"collection":[{"href":"https:\/\/marneantic.com\/index.php\/wp-json\/wp\/v2\/product"}],"about":[{"href":"https:\/\/marneantic.com\/index.php\/wp-json\/wp\/v2\/types\/product"}],"replies":[{"embeddable":true,"href":"https:\/\/marneantic.com\/index.php\/wp-json\/wp\/v2\/comments?post=19647"}],"wp:featuredmedia":[{"embeddable":true,"href":"https:\/\/marneantic.com\/index.php\/wp-json\/wp\/v2\/media\/19648"}],"wp:attachment":[{"href":"https:\/\/marneantic.com\/index.php\/wp-json\/wp\/v2\/media?parent=19647"}],"wp:term":[{"taxonomy":"product_cat","embeddable":true,"href":"https:\/\/marneantic.com\/index.php\/wp-json\/wp\/v2\/product_cat?post=19647"},{"taxonomy":"product_tag","embeddable":true,"href":"https:\/\/marneantic.com\/index.php\/wp-json\/wp\/v2\/product_tag?post=19647"}],"curies":[{"name":"wp","href":"https:\/\/api.w.org\/{rel}","templated":true}]}}