{"id":19683,"date":"2023-06-15T15:34:15","date_gmt":"2023-06-15T14:34:15","guid":{"rendered":"https:\/\/marneantic.com\/?post_type=product&#038;p=19683"},"modified":"2023-06-15T15:44:45","modified_gmt":"2023-06-15T14:44:45","slug":"drap-ancien-285x230cm-broderies-et-broderie-de-jours","status":"publish","type":"product","link":"https:\/\/marneantic.com\/index.php\/produit\/drap-ancien-285x230cm-broderies-et-broderie-de-jours\/","title":{"rendered":"Drap ancien 285x230cm &#8211; broderies et broderie de jours"},"content":{"rendered":"","protected":false},"excerpt":{"rendered":"<p>Drap ancien 285x230cm &#8211; broderies et broderie de jours sur le retour, en tr\u00e8s bon \u00e9tat, a signaler 2 petits trous peu visible<br \/>\nlinge lav\u00e9, repass\u00e9 et v\u00e9rifi\u00e9<\/p>\n","protected":false},"featured_media":19684,"comment_status":"open","ping_status":"closed","template":"","meta":{"_et_pb_use_builder":"","_et_pb_old_content":"","_et_gb_content_width":""},"product_cat":[33],"product_tag":[],"_links":{"self":[{"href":"https:\/\/marneantic.com\/index.php\/wp-json\/wp\/v2\/product\/19683"}],"collection":[{"href":"https:\/\/marneantic.com\/index.php\/wp-json\/wp\/v2\/product"}],"about":[{"href":"https:\/\/marneantic.com\/index.php\/wp-json\/wp\/v2\/types\/product"}],"replies":[{"embeddable":true,"href":"https:\/\/marneantic.com\/index.php\/wp-json\/wp\/v2\/comments?post=19683"}],"wp:featuredmedia":[{"embeddable":true,"href":"https:\/\/marneantic.com\/index.php\/wp-json\/wp\/v2\/media\/19684"}],"wp:attachment":[{"href":"https:\/\/marneantic.com\/index.php\/wp-json\/wp\/v2\/media?parent=19683"}],"wp:term":[{"taxonomy":"product_cat","embeddable":true,"href":"https:\/\/marneantic.com\/index.php\/wp-json\/wp\/v2\/product_cat?post=19683"},{"taxonomy":"product_tag","embeddable":true,"href":"https:\/\/marneantic.com\/index.php\/wp-json\/wp\/v2\/product_tag?post=19683"}],"curies":[{"name":"wp","href":"https:\/\/api.w.org\/{rel}","templated":true}]}}