{"id":19688,"date":"2023-06-15T15:45:43","date_gmt":"2023-06-15T14:45:43","guid":{"rendered":"https:\/\/marneantic.com\/?post_type=product&#038;p=19688"},"modified":"2023-06-15T17:10:33","modified_gmt":"2023-06-15T16:10:33","slug":"nappe-a-the-ancienne-brodee7serviettes-assorties","status":"publish","type":"product","link":"https:\/\/marneantic.com\/index.php\/produit\/nappe-a-the-ancienne-brodee7serviettes-assorties\/","title":{"rendered":"Nappe a th\u00e9 ancienne brod\u00e9e+7serviettes assorties"},"content":{"rendered":"","protected":false},"excerpt":{"rendered":"<p><span style=\"font-family: Arial;\">Nappe a th\u00e9 ancienne brod\u00e9e+7serviettes assorties en tr\u00e8s bon \u00e9tat, linge lav\u00e9 et repass\u00e9, dimensions:125 x125cm, serviettes: 33x33cm<\/span><\/p>\n<div><\/div>\n","protected":false},"featured_media":19689,"comment_status":"open","ping_status":"closed","template":"","meta":{"_et_pb_use_builder":"","_et_pb_old_content":"","_et_gb_content_width":""},"product_cat":[33],"product_tag":[],"_links":{"self":[{"href":"https:\/\/marneantic.com\/index.php\/wp-json\/wp\/v2\/product\/19688"}],"collection":[{"href":"https:\/\/marneantic.com\/index.php\/wp-json\/wp\/v2\/product"}],"about":[{"href":"https:\/\/marneantic.com\/index.php\/wp-json\/wp\/v2\/types\/product"}],"replies":[{"embeddable":true,"href":"https:\/\/marneantic.com\/index.php\/wp-json\/wp\/v2\/comments?post=19688"}],"wp:featuredmedia":[{"embeddable":true,"href":"https:\/\/marneantic.com\/index.php\/wp-json\/wp\/v2\/media\/19689"}],"wp:attachment":[{"href":"https:\/\/marneantic.com\/index.php\/wp-json\/wp\/v2\/media?parent=19688"}],"wp:term":[{"taxonomy":"product_cat","embeddable":true,"href":"https:\/\/marneantic.com\/index.php\/wp-json\/wp\/v2\/product_cat?post=19688"},{"taxonomy":"product_tag","embeddable":true,"href":"https:\/\/marneantic.com\/index.php\/wp-json\/wp\/v2\/product_tag?post=19688"}],"curies":[{"name":"wp","href":"https:\/\/api.w.org\/{rel}","templated":true}]}}