{"id":19704,"date":"2023-06-18T15:40:59","date_gmt":"2023-06-18T14:40:59","guid":{"rendered":"https:\/\/marneantic.com\/?post_type=product&#038;p=19704"},"modified":"2023-06-18T15:40:59","modified_gmt":"2023-06-18T14:40:59","slug":"paire-de-ramasse-miettes-art-deco-en-metal-argente","status":"publish","type":"product","link":"https:\/\/marneantic.com\/index.php\/produit\/paire-de-ramasse-miettes-art-deco-en-metal-argente\/","title":{"rendered":"Paire de ramasse-miettes art d\u00e9co en m\u00e9tal argent\u00e9"},"content":{"rendered":"","protected":false},"excerpt":{"rendered":"<div><span style=\"font-size: large;\"><span style=\"font-family: Arial;\">Paire de ramasse-miettes art d\u00e9co en m\u00e9tal argent\u00e9 poin\u00e7onn\u00e9 et poign\u00e9e bois, en tr\u00e8s\u00a0bon \u00e9tat<\/span><\/span><\/div>\n<div><span style=\"font-size: large;\"><span style=\"font-family: Arial;\">grand mod\u00e8le: largeur:21.2cm, profondeur:20.7cm<\/span><\/span><\/div>\n<div><span style=\"font-size: large;\"><span style=\"font-family: Arial;\">petit mod\u00e8le: largeur:17.4cm, profondeur: 12.5cm<\/span><\/span><\/div>\n","protected":false},"featured_media":19708,"comment_status":"open","ping_status":"closed","template":"","meta":{"_et_pb_use_builder":"","_et_pb_old_content":"","_et_gb_content_width":""},"product_cat":[13,12,10,44],"product_tag":[],"_links":{"self":[{"href":"https:\/\/marneantic.com\/index.php\/wp-json\/wp\/v2\/product\/19704"}],"collection":[{"href":"https:\/\/marneantic.com\/index.php\/wp-json\/wp\/v2\/product"}],"about":[{"href":"https:\/\/marneantic.com\/index.php\/wp-json\/wp\/v2\/types\/product"}],"replies":[{"embeddable":true,"href":"https:\/\/marneantic.com\/index.php\/wp-json\/wp\/v2\/comments?post=19704"}],"wp:featuredmedia":[{"embeddable":true,"href":"https:\/\/marneantic.com\/index.php\/wp-json\/wp\/v2\/media\/19708"}],"wp:attachment":[{"href":"https:\/\/marneantic.com\/index.php\/wp-json\/wp\/v2\/media?parent=19704"}],"wp:term":[{"taxonomy":"product_cat","embeddable":true,"href":"https:\/\/marneantic.com\/index.php\/wp-json\/wp\/v2\/product_cat?post=19704"},{"taxonomy":"product_tag","embeddable":true,"href":"https:\/\/marneantic.com\/index.php\/wp-json\/wp\/v2\/product_tag?post=19704"}],"curies":[{"name":"wp","href":"https:\/\/api.w.org\/{rel}","templated":true}]}}