{"id":19951,"date":"2023-07-25T13:49:25","date_gmt":"2023-07-25T12:49:25","guid":{"rendered":"https:\/\/marneantic.com\/?post_type=product&#038;p=19951"},"modified":"2023-07-25T14:01:32","modified_gmt":"2023-07-25T13:01:32","slug":"applique-a-pampilles-ancienne-en-bronze-et-cristal","status":"publish","type":"product","link":"https:\/\/marneantic.com\/index.php\/produit\/applique-a-pampilles-ancienne-en-bronze-et-cristal\/","title":{"rendered":"Applique a pampilles ancienne en bronze et cristal"},"content":{"rendered":"","protected":false},"excerpt":{"rendered":"<p>Applique a pampilles ancienne en bronze et cristal, compl\u00e8te, en bon \u00e9tat, test\u00e9e fonctionne parfaitement, fournie avec ampoule<br \/>\nhauteur: 36cm avec pampilles<br \/>\nlargeur: 20cm avec pampilles<br \/>\nprofondeur au mur:14cm<\/p>\n<p>Les produits propos\u00e9s dans notre boutique sont anciens, ils peuvent pr\u00e9sent\u00e9s des traces d\u2019usure, d&rsquo;usage ou rayures qui donnent au produit son caract\u00e8re et son authenticit\u00e9, ils sont pr\u00e9sent\u00e9s au mieux dans la description, \u00e0 travers photos et textes, merci de bien les regarder.<\/p>\n<p>&nbsp;<\/p>\n","protected":false},"featured_media":19952,"comment_status":"closed","ping_status":"closed","template":"","meta":{"_et_pb_use_builder":"","_et_pb_old_content":"","_et_gb_content_width":""},"product_cat":[24,16],"product_tag":[],"_links":{"self":[{"href":"https:\/\/marneantic.com\/index.php\/wp-json\/wp\/v2\/product\/19951"}],"collection":[{"href":"https:\/\/marneantic.com\/index.php\/wp-json\/wp\/v2\/product"}],"about":[{"href":"https:\/\/marneantic.com\/index.php\/wp-json\/wp\/v2\/types\/product"}],"replies":[{"embeddable":true,"href":"https:\/\/marneantic.com\/index.php\/wp-json\/wp\/v2\/comments?post=19951"}],"wp:featuredmedia":[{"embeddable":true,"href":"https:\/\/marneantic.com\/index.php\/wp-json\/wp\/v2\/media\/19952"}],"wp:attachment":[{"href":"https:\/\/marneantic.com\/index.php\/wp-json\/wp\/v2\/media?parent=19951"}],"wp:term":[{"taxonomy":"product_cat","embeddable":true,"href":"https:\/\/marneantic.com\/index.php\/wp-json\/wp\/v2\/product_cat?post=19951"},{"taxonomy":"product_tag","embeddable":true,"href":"https:\/\/marneantic.com\/index.php\/wp-json\/wp\/v2\/product_tag?post=19951"}],"curies":[{"name":"wp","href":"https:\/\/api.w.org\/{rel}","templated":true}]}}