{"id":20094,"date":"2023-08-01T15:23:35","date_gmt":"2023-08-01T14:23:35","guid":{"rendered":"https:\/\/marneantic.com\/?post_type=product&#038;p=20094"},"modified":"2023-08-02T11:01:26","modified_gmt":"2023-08-02T10:01:26","slug":"20094","status":"publish","type":"product","link":"https:\/\/marneantic.com\/index.php\/produit\/20094\/","title":{"rendered":"Rond de serviette ancien en m\u00e9tal argent\u00e9 monogramm\u00e9"},"content":{"rendered":"","protected":false},"excerpt":{"rendered":"<p>Rond de serviette ancien monogramm\u00e9 D.O en m\u00e9tal argent\u00e9, en \u00e9crin, en bon \u00e9tat,diametre:4.9cm,hauteur:3.5cm, \u00e9crin avec traces d&rsquo;usage<\/p>\n","protected":false},"featured_media":20096,"comment_status":"closed","ping_status":"closed","template":"","meta":{"_et_pb_use_builder":"","_et_pb_old_content":"","_et_gb_content_width":""},"product_cat":[13,12,10],"product_tag":[],"_links":{"self":[{"href":"https:\/\/marneantic.com\/index.php\/wp-json\/wp\/v2\/product\/20094"}],"collection":[{"href":"https:\/\/marneantic.com\/index.php\/wp-json\/wp\/v2\/product"}],"about":[{"href":"https:\/\/marneantic.com\/index.php\/wp-json\/wp\/v2\/types\/product"}],"replies":[{"embeddable":true,"href":"https:\/\/marneantic.com\/index.php\/wp-json\/wp\/v2\/comments?post=20094"}],"wp:featuredmedia":[{"embeddable":true,"href":"https:\/\/marneantic.com\/index.php\/wp-json\/wp\/v2\/media\/20096"}],"wp:attachment":[{"href":"https:\/\/marneantic.com\/index.php\/wp-json\/wp\/v2\/media?parent=20094"}],"wp:term":[{"taxonomy":"product_cat","embeddable":true,"href":"https:\/\/marneantic.com\/index.php\/wp-json\/wp\/v2\/product_cat?post=20094"},{"taxonomy":"product_tag","embeddable":true,"href":"https:\/\/marneantic.com\/index.php\/wp-json\/wp\/v2\/product_tag?post=20094"}],"curies":[{"name":"wp","href":"https:\/\/api.w.org\/{rel}","templated":true}]}}