{"id":20170,"date":"2023-08-07T16:39:51","date_gmt":"2023-08-07T15:39:51","guid":{"rendered":"https:\/\/marneantic.com\/?post_type=product&#038;p=20170"},"modified":"2023-08-07T16:47:42","modified_gmt":"2023-08-07T15:47:42","slug":"vase-ancien-en-porcelaine-blanche-de-limoges-poignees-tetes","status":"publish","type":"product","link":"https:\/\/marneantic.com\/index.php\/produit\/vase-ancien-en-porcelaine-blanche-de-limoges-poignees-tetes\/","title":{"rendered":"Vase ancien en porcelaine blanche de Limoges, poign\u00e9es t\u00eates"},"content":{"rendered":"","protected":false},"excerpt":{"rendered":"<p>Vase ancien en porcelaine blanche de Limoges, poign\u00e9es en forme de t\u00eates, en parfait \u00e9tat<br \/>\nhauteur:17cm<br \/>\ndiam\u00e8tre:14cm<\/p>\n","protected":false},"featured_media":20171,"comment_status":"open","ping_status":"closed","template":"","meta":{"_et_pb_use_builder":"","_et_pb_old_content":"","_et_gb_content_width":""},"product_cat":[14,8],"product_tag":[],"_links":{"self":[{"href":"https:\/\/marneantic.com\/index.php\/wp-json\/wp\/v2\/product\/20170"}],"collection":[{"href":"https:\/\/marneantic.com\/index.php\/wp-json\/wp\/v2\/product"}],"about":[{"href":"https:\/\/marneantic.com\/index.php\/wp-json\/wp\/v2\/types\/product"}],"replies":[{"embeddable":true,"href":"https:\/\/marneantic.com\/index.php\/wp-json\/wp\/v2\/comments?post=20170"}],"wp:featuredmedia":[{"embeddable":true,"href":"https:\/\/marneantic.com\/index.php\/wp-json\/wp\/v2\/media\/20171"}],"wp:attachment":[{"href":"https:\/\/marneantic.com\/index.php\/wp-json\/wp\/v2\/media?parent=20170"}],"wp:term":[{"taxonomy":"product_cat","embeddable":true,"href":"https:\/\/marneantic.com\/index.php\/wp-json\/wp\/v2\/product_cat?post=20170"},{"taxonomy":"product_tag","embeddable":true,"href":"https:\/\/marneantic.com\/index.php\/wp-json\/wp\/v2\/product_tag?post=20170"}],"curies":[{"name":"wp","href":"https:\/\/api.w.org\/{rel}","templated":true}]}}