{"id":2020,"date":"2016-07-29T14:03:33","date_gmt":"2016-07-29T13:03:33","guid":{"rendered":"http:\/\/marneantic.com\/?post_type=product&#038;p=2020"},"modified":"2019-08-13T07:41:42","modified_gmt":"2019-08-13T06:41:42","slug":"necessaire-de-bureau-art-deco","status":"publish","type":"product","link":"https:\/\/marneantic.com\/index.php\/produit\/necessaire-de-bureau-art-deco\/","title":{"rendered":"N\u00e9cessaire de bureau art-d\u00e9co"},"content":{"rendered":"","protected":false},"excerpt":{"rendered":"<p>N\u00e9cessaire de bureau art-d\u00e9co en bois ,verre et m\u00e9tal chrom\u00e9,complet(support,2 encriers et tampon) en bon \u00e9tat<\/p>\n","protected":false},"featured_media":2021,"comment_status":"closed","ping_status":"closed","template":"","meta":{"_et_pb_use_builder":"","_et_pb_old_content":"","_et_gb_content_width":""},"product_cat":[44,14,8],"product_tag":[],"_links":{"self":[{"href":"https:\/\/marneantic.com\/index.php\/wp-json\/wp\/v2\/product\/2020"}],"collection":[{"href":"https:\/\/marneantic.com\/index.php\/wp-json\/wp\/v2\/product"}],"about":[{"href":"https:\/\/marneantic.com\/index.php\/wp-json\/wp\/v2\/types\/product"}],"replies":[{"embeddable":true,"href":"https:\/\/marneantic.com\/index.php\/wp-json\/wp\/v2\/comments?post=2020"}],"wp:featuredmedia":[{"embeddable":true,"href":"https:\/\/marneantic.com\/index.php\/wp-json\/wp\/v2\/media\/2021"}],"wp:attachment":[{"href":"https:\/\/marneantic.com\/index.php\/wp-json\/wp\/v2\/media?parent=2020"}],"wp:term":[{"taxonomy":"product_cat","embeddable":true,"href":"https:\/\/marneantic.com\/index.php\/wp-json\/wp\/v2\/product_cat?post=2020"},{"taxonomy":"product_tag","embeddable":true,"href":"https:\/\/marneantic.com\/index.php\/wp-json\/wp\/v2\/product_tag?post=2020"}],"curies":[{"name":"wp","href":"https:\/\/api.w.org\/{rel}","templated":true}]}}