{"id":20211,"date":"2023-08-10T17:15:07","date_gmt":"2023-08-10T16:15:07","guid":{"rendered":"https:\/\/marneantic.com\/?post_type=product&#038;p=20211"},"modified":"2023-08-10T17:17:26","modified_gmt":"2023-08-10T16:17:26","slug":"plat-ancien-modele-edmond-lg-leon-graves-faience-de-clairefontaine","status":"publish","type":"product","link":"https:\/\/marneantic.com\/index.php\/produit\/plat-ancien-modele-edmond-lg-leon-graves-faience-de-clairefontaine\/","title":{"rendered":"Plat ancien mod\u00e8le Edmond &#8211; LG L\u00e9on Graves Fa\u00efence de Clairefontaine"},"content":{"rendered":"","protected":false},"excerpt":{"rendered":"<p style=\"font-weight: 400;\">Plat ancien mod\u00e8le Edmond &#8211; LG p\u00e9riode L\u00e9on Graves (1890 &#8211; 1913)\u00a0 Fa\u00efence de Clairefontaine<\/p>\n<p style=\"font-weight: 400;\">parfait \u00e9tat<\/p>\n<p style=\"font-weight: 400;\">diam\u00e8tre:32.5cm<\/p>\n","protected":false},"featured_media":20215,"comment_status":"open","ping_status":"closed","template":"","meta":{"_et_pb_use_builder":"","_et_pb_old_content":"","_et_gb_content_width":""},"product_cat":[28,7],"product_tag":[],"_links":{"self":[{"href":"https:\/\/marneantic.com\/index.php\/wp-json\/wp\/v2\/product\/20211"}],"collection":[{"href":"https:\/\/marneantic.com\/index.php\/wp-json\/wp\/v2\/product"}],"about":[{"href":"https:\/\/marneantic.com\/index.php\/wp-json\/wp\/v2\/types\/product"}],"replies":[{"embeddable":true,"href":"https:\/\/marneantic.com\/index.php\/wp-json\/wp\/v2\/comments?post=20211"}],"wp:featuredmedia":[{"embeddable":true,"href":"https:\/\/marneantic.com\/index.php\/wp-json\/wp\/v2\/media\/20215"}],"wp:attachment":[{"href":"https:\/\/marneantic.com\/index.php\/wp-json\/wp\/v2\/media?parent=20211"}],"wp:term":[{"taxonomy":"product_cat","embeddable":true,"href":"https:\/\/marneantic.com\/index.php\/wp-json\/wp\/v2\/product_cat?post=20211"},{"taxonomy":"product_tag","embeddable":true,"href":"https:\/\/marneantic.com\/index.php\/wp-json\/wp\/v2\/product_tag?post=20211"}],"curies":[{"name":"wp","href":"https:\/\/api.w.org\/{rel}","templated":true}]}}