{"id":20253,"date":"2023-09-02T14:59:39","date_gmt":"2023-09-02T13:59:39","guid":{"rendered":"https:\/\/marneantic.com\/?post_type=product&#038;p=20253"},"modified":"2024-07-24T12:54:17","modified_gmt":"2024-07-24T11:54:17","slug":"tasse-a-cafe-ancienne-en-porcelaine-de-paris-decor-oeillets","status":"publish","type":"product","link":"https:\/\/marneantic.com\/index.php\/produit\/tasse-a-cafe-ancienne-en-porcelaine-de-paris-decor-oeillets\/","title":{"rendered":"Tasse a caf\u00e9 ancienne en porcelaine de Paris, d\u00e9cor \u0153illets"},"content":{"rendered":"","protected":false},"excerpt":{"rendered":"<div><span style=\"font-size: large;\"><span style=\"font-family: Arial;\">Tasse ancienne en porcelaine de Paris, d\u00e9cor \u0153illets ( tampon du magasin R.Bouchem 100 rue Lecourbe ) en bon \u00e9tat, l\u00e9g\u00e8re usure de la dorure par endroit<\/span><\/span><\/div>\n<div><span style=\"font-size: large;\"><span style=\"font-family: Arial;\">diametre:6.5cm<\/span><\/span><\/div>\n<div><span style=\"font-size: large;\"><span style=\"font-family: Arial;\">hauteur:6.2cm<\/span><\/span><\/div>\n<div><span style=\"font-size: large;\"><span style=\"font-family: Arial;\">diam\u00e8tre soucoupe:12.7cm<\/span><\/span><\/div>\n","protected":false},"featured_media":20254,"comment_status":"closed","ping_status":"closed","template":"","meta":{"_et_pb_use_builder":"","_et_pb_old_content":"","_et_gb_content_width":""},"product_cat":[26,7],"product_tag":[],"_links":{"self":[{"href":"https:\/\/marneantic.com\/index.php\/wp-json\/wp\/v2\/product\/20253"}],"collection":[{"href":"https:\/\/marneantic.com\/index.php\/wp-json\/wp\/v2\/product"}],"about":[{"href":"https:\/\/marneantic.com\/index.php\/wp-json\/wp\/v2\/types\/product"}],"replies":[{"embeddable":true,"href":"https:\/\/marneantic.com\/index.php\/wp-json\/wp\/v2\/comments?post=20253"}],"wp:featuredmedia":[{"embeddable":true,"href":"https:\/\/marneantic.com\/index.php\/wp-json\/wp\/v2\/media\/20254"}],"wp:attachment":[{"href":"https:\/\/marneantic.com\/index.php\/wp-json\/wp\/v2\/media?parent=20253"}],"wp:term":[{"taxonomy":"product_cat","embeddable":true,"href":"https:\/\/marneantic.com\/index.php\/wp-json\/wp\/v2\/product_cat?post=20253"},{"taxonomy":"product_tag","embeddable":true,"href":"https:\/\/marneantic.com\/index.php\/wp-json\/wp\/v2\/product_tag?post=20253"}],"curies":[{"name":"wp","href":"https:\/\/api.w.org\/{rel}","templated":true}]}}