{"id":2029,"date":"2016-07-31T14:02:46","date_gmt":"2016-07-31T13:02:46","guid":{"rendered":"http:\/\/marneantic.com\/index.php\/produit\/plat-ancien-en-faience-de-quimper-henriotdecor-bretonne\/"},"modified":"2016-10-17T15:49:33","modified_gmt":"2016-10-17T14:49:33","slug":"plat-ancien-en-faience-de-quimper-henriotdecor-bretonne","status":"publish","type":"product","link":"https:\/\/marneantic.com\/index.php\/produit\/plat-ancien-en-faience-de-quimper-henriotdecor-bretonne\/","title":{"rendered":"Plat ancien en fa\u00efence de quimper HENRIOT,d\u00e9cor bretonne"},"content":{"rendered":"","protected":false},"excerpt":{"rendered":"<p>Plat ancien en fa\u00efence de quimper HENRIOT,d\u00e9but 20eme,d\u00e9cor de bretonne,en tr\u00e8s bon \u00e9tat<\/p>\n","protected":false},"featured_media":2030,"comment_status":"open","ping_status":"closed","template":"","meta":{"_et_pb_use_builder":"","_et_pb_old_content":"","_et_gb_content_width":""},"product_cat":[14,28,7],"product_tag":[],"_links":{"self":[{"href":"https:\/\/marneantic.com\/index.php\/wp-json\/wp\/v2\/product\/2029"}],"collection":[{"href":"https:\/\/marneantic.com\/index.php\/wp-json\/wp\/v2\/product"}],"about":[{"href":"https:\/\/marneantic.com\/index.php\/wp-json\/wp\/v2\/types\/product"}],"replies":[{"embeddable":true,"href":"https:\/\/marneantic.com\/index.php\/wp-json\/wp\/v2\/comments?post=2029"}],"wp:featuredmedia":[{"embeddable":true,"href":"https:\/\/marneantic.com\/index.php\/wp-json\/wp\/v2\/media\/2030"}],"wp:attachment":[{"href":"https:\/\/marneantic.com\/index.php\/wp-json\/wp\/v2\/media?parent=2029"}],"wp:term":[{"taxonomy":"product_cat","embeddable":true,"href":"https:\/\/marneantic.com\/index.php\/wp-json\/wp\/v2\/product_cat?post=2029"},{"taxonomy":"product_tag","embeddable":true,"href":"https:\/\/marneantic.com\/index.php\/wp-json\/wp\/v2\/product_tag?post=2029"}],"curies":[{"name":"wp","href":"https:\/\/api.w.org\/{rel}","templated":true}]}}