{"id":20322,"date":"2023-09-08T14:34:28","date_gmt":"2023-09-08T13:34:28","guid":{"rendered":"https:\/\/marneantic.com\/?post_type=product&#038;p=20322"},"modified":"2023-09-08T15:12:53","modified_gmt":"2023-09-08T14:12:53","slug":"tasse-a-cafe-ancienne-en-porcelaine-decor-angelus","status":"publish","type":"product","link":"https:\/\/marneantic.com\/index.php\/produit\/tasse-a-cafe-ancienne-en-porcelaine-decor-angelus\/","title":{"rendered":"Tasse a caf\u00e9 ancienne en porcelaine, d\u00e9cor Angelus"},"content":{"rendered":"","protected":false},"excerpt":{"rendered":"<div><span style=\"font-size: large;\"><span style=\"font-family: Arial;\">Tasse a caf\u00e9 ancienne en porcelaine, d\u00e9cor Angelus en bon \u00e9tat, petite usure de la dorure par endroit et en int\u00e9rieur de tasse<\/span><\/span><\/div>\n<div><span style=\"font-size: large;\"><span style=\"font-family: Arial;\">diametre:6.5cm hors poign\u00e9e<\/span><\/span><\/div>\n<div><span style=\"font-size: large;\"><span style=\"font-family: Arial;\">hauteur:5cm<\/span><\/span><\/div>\n<div><span style=\"font-size: large;\"><span style=\"font-family: Arial;\">diam\u00e8tre soucoupe:11.5cm<\/span><\/span><\/div>\n","protected":false},"featured_media":20323,"comment_status":"closed","ping_status":"closed","template":"","meta":{"_et_pb_use_builder":"","_et_pb_old_content":"","_et_gb_content_width":""},"product_cat":[26,7],"product_tag":[],"_links":{"self":[{"href":"https:\/\/marneantic.com\/index.php\/wp-json\/wp\/v2\/product\/20322"}],"collection":[{"href":"https:\/\/marneantic.com\/index.php\/wp-json\/wp\/v2\/product"}],"about":[{"href":"https:\/\/marneantic.com\/index.php\/wp-json\/wp\/v2\/types\/product"}],"replies":[{"embeddable":true,"href":"https:\/\/marneantic.com\/index.php\/wp-json\/wp\/v2\/comments?post=20322"}],"wp:featuredmedia":[{"embeddable":true,"href":"https:\/\/marneantic.com\/index.php\/wp-json\/wp\/v2\/media\/20323"}],"wp:attachment":[{"href":"https:\/\/marneantic.com\/index.php\/wp-json\/wp\/v2\/media?parent=20322"}],"wp:term":[{"taxonomy":"product_cat","embeddable":true,"href":"https:\/\/marneantic.com\/index.php\/wp-json\/wp\/v2\/product_cat?post=20322"},{"taxonomy":"product_tag","embeddable":true,"href":"https:\/\/marneantic.com\/index.php\/wp-json\/wp\/v2\/product_tag?post=20322"}],"curies":[{"name":"wp","href":"https:\/\/api.w.org\/{rel}","templated":true}]}}