{"id":20337,"date":"2023-09-09T15:56:47","date_gmt":"2023-09-09T14:56:47","guid":{"rendered":"https:\/\/marneantic.com\/?post_type=product&#038;p=20337"},"modified":"2023-09-10T10:02:15","modified_gmt":"2023-09-10T09:02:15","slug":"lampadaire-ancien-sur-trepied-de-geometre-2","status":"publish","type":"product","link":"https:\/\/marneantic.com\/index.php\/produit\/lampadaire-ancien-sur-trepied-de-geometre-2\/","title":{"rendered":"Lampadaire ancien sur tr\u00e9pied de g\u00e9om\u00e8tre"},"content":{"rendered":"","protected":false},"excerpt":{"rendered":"<p>beau lampadaire mont\u00e9 sur tr\u00e9pied de g\u00e9om\u00e8tre ancien, \u00e9lectricit\u00e9 neuve mont\u00e9 sur douille ba\u00efonnette ancienne avec clic-clac a la douille et prise d&rsquo;\u00e9poque, fournie avec ampoule, le pied est repliable avec sa sangle en en cuir d&rsquo;origine, r\u00e9glable en \u00e9cartement et en hauteur de 70 a 125cm hors abat-jour, diam\u00e8tre abat-jour; 50cm, hauteur: 25cm.<br \/>\nle pied pr\u00e9sente des traces d&rsquo;usage lui donnant une belle patine, l&rsquo;abat-jour est neuf<br \/>\nla hauteur totale du mod\u00e8le est de 150cm environ avec l&rsquo;abat-jour\u00a0 \u00a0 \u00a0 \u00a0 \u00a0 \u00a0 \u00a0 \u00a0 \u00a0 \u00a0 \u00a0 \u00a0 \u00a0 \u00a0 \u00a0 \u00a0 \u00a0 \u00a0 \u00a0 \u00a0 \u00a0 \u00a0 \u00a0 \u00a0 \u00a0 \u00a0 \u00a0 \u00a0 \u00a0 \u00a0 \u00a0 \u00a0 \u00a0 \u00a0 \u00a0 \u00a0 \u00a0 \u00a0 \u00a0 \u00a0 \u00a0 \u00a0 \u00a0 \u00a0 \u00a0 \u00a0 \u00a0 \u00a0 \u00a0 \u00a0 \u00a0 \u00a0 \u00a0 \u00a0 \u00a0 \u00a0 \u00a0 \u00a0 \u00a0 \u00a0 \u00a0 \u00a0 \u00a0 \u00a0 \u00a0 \u00a0 \u00a0 \u00a0 \u00a0 \u00a0 \u00a0 \u00a0 \u00a0 \u00a0 \u00a0 \u00a0 \u00a0 \u00a0 \u00a0 \u00a0 \u00a0 \u00a0 \u00a0 \u00a0 \u00a0 \u00a0 \u00a0 \u00a0 \u00a0 \u00a0 \u00a0 \u00a0 \u00a0 \u00a0 \u00a0 \u00a0 \u00a0 \u00a0 \u00a0 \u00a0 \u00a0 \u00a0 \u00a0 \u00a0 \u00a0 \u00a0 \u00a0 \u00a0 \u00a0 \u00a0 pas d&rsquo;exp\u00e9dition postale pour cet article, remise en main propre domicile ou livraison possible en r\u00e9gion parisienne(conditions sur demande)<\/p>\n","protected":false},"featured_media":20338,"comment_status":"open","ping_status":"closed","template":"","meta":{"_et_pb_use_builder":"","_et_pb_old_content":"","_et_gb_content_width":""},"product_cat":[24,31,16],"product_tag":[],"_links":{"self":[{"href":"https:\/\/marneantic.com\/index.php\/wp-json\/wp\/v2\/product\/20337"}],"collection":[{"href":"https:\/\/marneantic.com\/index.php\/wp-json\/wp\/v2\/product"}],"about":[{"href":"https:\/\/marneantic.com\/index.php\/wp-json\/wp\/v2\/types\/product"}],"replies":[{"embeddable":true,"href":"https:\/\/marneantic.com\/index.php\/wp-json\/wp\/v2\/comments?post=20337"}],"wp:featuredmedia":[{"embeddable":true,"href":"https:\/\/marneantic.com\/index.php\/wp-json\/wp\/v2\/media\/20338"}],"wp:attachment":[{"href":"https:\/\/marneantic.com\/index.php\/wp-json\/wp\/v2\/media?parent=20337"}],"wp:term":[{"taxonomy":"product_cat","embeddable":true,"href":"https:\/\/marneantic.com\/index.php\/wp-json\/wp\/v2\/product_cat?post=20337"},{"taxonomy":"product_tag","embeddable":true,"href":"https:\/\/marneantic.com\/index.php\/wp-json\/wp\/v2\/product_tag?post=20337"}],"curies":[{"name":"wp","href":"https:\/\/api.w.org\/{rel}","templated":true}]}}